{"id":73533,"date":"2025-08-01T16:33:13","date_gmt":"2025-08-01T15:33:13","guid":{"rendered":"https:\/\/copopalhinhas.maildx.net\/?post_type=product&#038;p=73533"},"modified":"2025-09-24T22:01:13","modified_gmt":"2025-09-24T21:01:13","slug":"taca-copo-em-pet-com-tampa-alta-sem-furo-475cl-475ml-14oz","status":"publish","type":"product","link":"https:\/\/copopalhinhas.maildx.net\/es\/producto\/taca-copo-em-pet-com-tampa-alta-sem-furo-475cl-475ml-14oz\/","title":{"rendered":"Vaso para mascotas con tapa alta sin orificio, 47,5 cl (475 ml\/14 oz)"},"content":{"rendered":"<h4>Vaso PET de 47,5 cl con tapa alta sin orificio: elegancia, practicidad y sostenibilidad.<br \/>\nDise\u00f1o transparente y moderno.<\/h4>\n<p>El recipiente de PET de 47,5 cl (475 ml\/14 oz) con tapa alta y sin orificios destaca por su acabado transparente, que realza los colores, las texturas y las capas de bebidas o postres. Gracias a su transparencia, productos como batidos, tazones de a\u00e7a\u00ed, yogures con granola, ensaladas de frutas y postres cremosos resultan a\u00fan m\u00e1s atractivos. Adem\u00e1s, su dise\u00f1o moderno transmite profesionalidad y realza cualquier servicio de restauraci\u00f3n.<\/p>\n<h4>Capacidad generosa y multifuncional<\/h4>\n<p>Con una capacidad de 475 ml, este vaso se adapta f\u00e1cilmente a diversos usos. Sirve para smoothies, batidos y zumos naturales, as\u00ed como para refrescos y postres elaborados. Por lo tanto, representa una soluci\u00f3n pr\u00e1ctica y vers\u00e1til que satisface las necesidades de cafeter\u00edas, panader\u00edas, helader\u00edas, restaurantes y servicios de comida para llevar. Tambi\u00e9n es perfecto para grandes eventos como ferias, festivales y servicios de catering.<\/p>\n<h4>Tapa alta sin agujeros para m\u00e1xima protecci\u00f3n.<\/h4>\n<p>La tapa alta y sin orificios garantiza un sellado seguro y protege el contenido durante el transporte. Esto la hace ideal para consumir en cualquier lugar y para llevar, evitando derrames y manteniendo la higiene. El espacio adicional de la tapa alta tambi\u00e9n permite a\u00f1adir ingredientes, como crema batida o fruta, sin comprometer el sellado.<\/p>\n<h4>Resistencia y practicidad en el almacenamiento<\/h4>\n<p>Fabricado con PET de alta calidad, el vaso ofrece resistencia a los impactos y reduce el riesgo de rotura. Esto lo convierte en una alternativa ligera y segura al vidrio. Adem\u00e1s, su formato apilable facilita la organizaci\u00f3n y optimiza el espacio de almacenamiento, una ventaja significativa en lugares con gran volumen de productos.<\/p>\n<h4>Soluci\u00f3n sostenible y responsable<\/h4>\n<p>Este vaso es reciclable 100%, lo que permite pr\u00e1cticas m\u00e1s sostenibles sin sacrificar la calidad. Los clientes reciben un embalaje pr\u00e1ctico, ecol\u00f3gico y seguro que cumple con los requisitos actuales de responsabilidad ambiental.<\/p>\n<p><img decoding=\"async\" src=\"https:\/\/copopalhinhas.maildx.net\/wp-content\/uploads\/Icon_DESCARTAVEL.png\" alt=\"\" width=\"30\" height=\"30\" \/> <strong>Desechable<\/strong><\/p>\n<p><img decoding=\"async\" src=\"https:\/\/copopalhinhas.maildx.net\/wp-content\/uploads\/Icons_alimentos.png\" alt=\"\" width=\"30\" height=\"30\" \/> <strong>Alimento<\/strong>: Apto para consumo alimentario.<\/p>\n<p><img decoding=\"async\" src=\"https:\/\/copopalhinhas.maildx.net\/wp-content\/uploads\/Icon_reciclaveis.png\" alt=\"\" width=\"30\" height=\"30\" \/> <strong>Reciclables<\/strong>:Productos que pueden reciclarse o utilizarse para la recuperaci\u00f3n de energ\u00eda.<\/p>","protected":false},"excerpt":{"rendered":"<p>El vaso PET de 47,5 cl (475 ml\/14 oz) combina dise\u00f1o transparente, durabilidad y seguridad. Su acabado cristalino realza los colores y las texturas, realzando batidos, malteadas, tazones de a\u00e7a\u00ed, yogures, ensaladas de frutas y postres cremosos.<\/p>\n<p>La tapa alta y sin agujeros garantiza un sellado seguro y ofrece espacio adicional para los ingredientes, protegiendo el contenido durante el transporte y la comida para llevar. Fabricado con PET de alta calidad, el vaso es resistente a impactos, apilable y reciclable (100%).<\/p>\n<p>Una soluci\u00f3n pr\u00e1ctica, higi\u00e9nica y sostenible para cafeter\u00edas, helader\u00edas, pasteler\u00edas, eventos y catering.<\/p>","protected":false},"featured_media":76646,"comment_status":"open","ping_status":"closed","template":"","meta":{"_acf_changed":false},"product_brand":[],"product_cat":[2007,2034,2010,2047,2008,2039,1718,1455,1512,1892,1946,1499,225,1397],"product_tag":[1589,1593,1569,1702,1608,1596,1597],"class_list":{"0":"post-73533","1":"product","2":"type-product","3":"status-publish","4":"has-post-thumbnail","6":"product_cat-copos-descartaveis","7":"product_cat-copos-pet-rpet","8":"product_cat-embalagens-descartaveis","9":"product_cat-embalagens-pp-ps-rpet","10":"product_cat-loucas-descartaveis","11":"product_cat-loucas-descartaveis-pet-rpet","12":"product_cat-transparente","13":"product_cat-41-50cl","14":"product_cat-descartavel","15":"product_cat-pet","16":"product_cat-copo","17":"product_cat-sobremesa","18":"product_cat-copos","19":"product_cat-embalagens","20":"product_tag-sub-menu-copos-descartaveis","21":"product_tag-sub-menu-copos-descartaveis-pet","22":"product_tag-menu-descartaveis","23":"product_tag-destaque","24":"product_tag-sub-menu-emalagens-pp-ps-pet","25":"product_tag-sub-menu-loucas-descartaveis","26":"product_tag-sub-menu-loucas-descartaveis-pet","27":"pa_qtd-por-caixa-281","28":"pa_qtd-por-caixa-1288","29":"tm-no-options","31":"first","32":"instock","33":"taxable","34":"shipping-taxable","35":"purchasable","36":"product-type-variable"},"acf":[],"_links":{"self":[{"href":"https:\/\/copopalhinhas.maildx.net\/es\/wp-json\/wp\/v2\/product\/73533","targetHints":{"allow":["GET"]}}],"collection":[{"href":"https:\/\/copopalhinhas.maildx.net\/es\/wp-json\/wp\/v2\/product"}],"about":[{"href":"https:\/\/copopalhinhas.maildx.net\/es\/wp-json\/wp\/v2\/types\/product"}],"replies":[{"embeddable":true,"href":"https:\/\/copopalhinhas.maildx.net\/es\/wp-json\/wp\/v2\/comments?post=73533"}],"wp:featuredmedia":[{"embeddable":true,"href":"https:\/\/copopalhinhas.maildx.net\/es\/wp-json\/wp\/v2\/media\/76646"}],"wp:attachment":[{"href":"https:\/\/copopalhinhas.maildx.net\/es\/wp-json\/wp\/v2\/media?parent=73533"}],"wp:term":[{"taxonomy":"product_brand","embeddable":true,"href":"https:\/\/copopalhinhas.maildx.net\/es\/wp-json\/wp\/v2\/product_brand?post=73533"},{"taxonomy":"product_cat","embeddable":true,"href":"https:\/\/copopalhinhas.maildx.net\/es\/wp-json\/wp\/v2\/product_cat?post=73533"},{"taxonomy":"product_tag","embeddable":true,"href":"https:\/\/copopalhinhas.maildx.net\/es\/wp-json\/wp\/v2\/product_tag?post=73533"}],"curies":[{"name":"wp","href":"https:\/\/api.w.org\/{rel}","templated":true}]}}