{"id":74231,"date":"2025-08-12T09:34:07","date_gmt":"2025-08-12T08:34:07","guid":{"rendered":"https:\/\/copopalhinhas.maildx.net\/?post_type=product&#038;p=74231"},"modified":"2025-10-16T19:54:56","modified_gmt":"2025-10-16T18:54:56","slug":"palhinha-reta-de-papel-multi-cores-08x20cm","status":"publish","type":"product","link":"https:\/\/copopalhinhas.maildx.net\/es\/producto\/palhinha-reta-de-papel-multi-cores-08x20cm\/","title":{"rendered":"Pajita de papel multicolor recta de 0,8 x 20 cm"},"content":{"rendered":"<h3>Pajita recta de papel kraft multicolor de 0,8 x 20 cm: sostenibilidad y estilo<\/h3>\n<p>La pajita recta de papel kraft multicolor de 0,8 x 20 cm combina sostenibilidad, elegancia y practicidad. Adem\u00e1s de ser biodegradables y compostables, estas pajitas a\u00f1aden un toque vibrante y ecol\u00f3gico a tus bebidas. Por lo tanto, optar por esta alternativa significa reducir tu impacto ambiental sin comprometer la calidad.<\/p>\n<h4>\u00bfPor qu\u00e9 elegir pajitas de papel kraft?<\/h4>\n<p>Al elegir esta pajita biodegradable, no solo est\u00e1s contribuyendo a un planeta m\u00e1s limpio, sino que tambi\u00e9n est\u00e1s mejorando la presentaci\u00f3n de tus bebidas.<\/p>\n<h4>Caracter\u00edsticas principales:<\/h4>\n<ul>\n<li><strong>Sostenibilidad en cada sorbo:<\/strong> Fabricada con papel kraft, esta pajita es biodegradable y compostable seg\u00fan la norma 100%. Esto ayuda a reducir significativamente el uso de pl\u00e1sticos de un solo uso.<\/li>\n<li><strong>Dise\u00f1o r\u00fastico y sofisticado:<\/strong> El tono natural del papel kraft le confiere un aspecto aut\u00e9ntico y ecol\u00f3gico, haci\u00e9ndolo perfecto para cualquier tipo de evento.<\/li>\n<li><strong>Versatilidad y resistencia:<\/strong> Ideal para c\u00f3cteles, jugos, batidos y una variedad de bebidas. Aunque est\u00e1 hecho de papel, su estructura robusta mantiene su integridad durante el uso.<\/li>\n<\/ul>\n<h4>Una alternativa segura y confiable<\/h4>\n<p>Esta pajita ecol\u00f3gica no contiene PFAS, lo que garantiza una experiencia segura para el consumidor. Por lo tanto, al elegir esta soluci\u00f3n sostenible, demuestra su compromiso con la salud, el medio ambiente y la innovaci\u00f3n.<\/p>\n<p>Con esta pajita recta kraft multicolor, transforma cualquier bebida en un reflejo de tu compromiso con la sostenibilidad. Elige calidad, higiene y responsabilidad ambiental para todas tus ocasiones. Ver m\u00e1s <a href=\"https:\/\/copopalhinhas.maildx.net\/es\/categorias\/palhinhas\/?wpf_fbv=1&amp;wpf_filter_cat_list_0=1484\">pajitas de papel<\/a>.<\/p>","protected":false},"excerpt":{"rendered":"<p>La pajita de papel kraft multicolor de 0,8 x 20 cm es biodegradable, segura y elegante. Ideal para c\u00f3cteles, zumos y batidos. \u00a1Apuesta por la sostenibilidad con estilo! Este producto no contiene PFAS, lo que garantiza su seguridad y calidad.<\/p>","protected":false},"featured_media":74235,"comment_status":"open","ping_status":"closed","template":"","meta":{"_acf_changed":false},"product_brand":[],"product_cat":[2054,1726,1399,1704,1484,1708,1547,229],"product_tag":[1570,1611,1613],"class_list":{"0":"post-74231","1":"product","2":"type-product","3":"status-publish","4":"has-post-thumbnail","6":"product_cat-palhinhas-retas","7":"product_cat-multicor","8":"product_cat-avulso","9":"product_cat-reta","10":"product_cat-cartao","11":"product_cat-80mm","12":"product_cat-20cm","13":"product_cat-palhinhas","14":"product_tag-menu-palhinhas","15":"product_tag-sub-menu-plahinhas-embaladas-individualmente","16":"product_tag-sub-menu-palhinhas-retas","17":"pa_qtd-por-caixa-1347","18":"pa_qtd-por-caixa-1371","19":"tm-no-options","21":"first","22":"instock","23":"taxable","24":"shipping-taxable","25":"purchasable","26":"product-type-variable"},"acf":[],"_links":{"self":[{"href":"https:\/\/copopalhinhas.maildx.net\/es\/wp-json\/wp\/v2\/product\/74231","targetHints":{"allow":["GET"]}}],"collection":[{"href":"https:\/\/copopalhinhas.maildx.net\/es\/wp-json\/wp\/v2\/product"}],"about":[{"href":"https:\/\/copopalhinhas.maildx.net\/es\/wp-json\/wp\/v2\/types\/product"}],"replies":[{"embeddable":true,"href":"https:\/\/copopalhinhas.maildx.net\/es\/wp-json\/wp\/v2\/comments?post=74231"}],"wp:featuredmedia":[{"embeddable":true,"href":"https:\/\/copopalhinhas.maildx.net\/es\/wp-json\/wp\/v2\/media\/74235"}],"wp:attachment":[{"href":"https:\/\/copopalhinhas.maildx.net\/es\/wp-json\/wp\/v2\/media?parent=74231"}],"wp:term":[{"taxonomy":"product_brand","embeddable":true,"href":"https:\/\/copopalhinhas.maildx.net\/es\/wp-json\/wp\/v2\/product_brand?post=74231"},{"taxonomy":"product_cat","embeddable":true,"href":"https:\/\/copopalhinhas.maildx.net\/es\/wp-json\/wp\/v2\/product_cat?post=74231"},{"taxonomy":"product_tag","embeddable":true,"href":"https:\/\/copopalhinhas.maildx.net\/es\/wp-json\/wp\/v2\/product_tag?post=74231"}],"curies":[{"name":"wp","href":"https:\/\/api.w.org\/{rel}","templated":true}]}}