{"id":75495,"date":"2025-09-08T15:24:05","date_gmt":"2025-09-08T14:24:05","guid":{"rendered":"https:\/\/copopalhinhas.maildx.net\/?post_type=product&#038;p=75495"},"modified":"2025-11-22T00:23:45","modified_gmt":"2025-11-22T00:23:45","slug":"caixa-em-cartao-micro-canelado-para-pizza-o41cm","status":"publish","type":"product","link":"https:\/\/copopalhinhas.maildx.net\/es\/producto\/caixa-em-cartao-micro-canelado-para-pizza-o41cm\/","title":{"rendered":"CAJA DE CART\u00d3N MICROONDULADO PARA PIZZA \u00d841CM"},"content":{"rendered":"<p>Caja de Cart\u00f3n para Pizza \u00d841cm para garantizar una entrega segura y de calidad a sus clientes, manteniendo la integridad y el sabor de la pizza durante el transporte.<\/p>\n<ul>\n<li>Material duradero: Fabricada con cart\u00f3n duradero, la caja proporciona soporte estructural para evitar que la pizza se apriete o se da\u00f1e durante el transporte.<\/li>\n<li>Tama\u00f1o adecuado: Con un di\u00e1metro de 41 cm, la caja es lo suficientemente espaciosa para acomodar pizzas de tama\u00f1o est\u00e1ndar, ofreciendo una soluci\u00f3n vers\u00e1til para diferentes establecimientos.<\/li>\n<li>Dise\u00f1o de ventilaci\u00f3n: cuenta con peque\u00f1as aberturas de ventilaci\u00f3n que ayudan a mantener la textura crujiente de la masa, al mismo tiempo que conservan el calor y evitan la acumulaci\u00f3n de vapor.<\/li>\n<li>Conveniencia desechable: La caja es desechable, lo que proporciona comodidad para la limpieza despu\u00e9s del consumo y elimina la necesidad de devoluciones.<\/li>\n<li>Ideal para entrega: Perfecto para servicios de entrega de pizza, garantizando que los clientes reciban sus pizzas frescas, calientes e intactas.<\/li>\n<\/ul>\n<p><img decoding=\"async\" src=\"https:\/\/copopalhinhas.maildx.net\/wp-content\/uploads\/Icon_DESCARTAVEL.png\" alt=\"\" width=\"30\" height=\"30\" \/>\u00a0<strong>Desechable<\/strong><\/p>\n<p><img decoding=\"async\" src=\"https:\/\/copopalhinhas.maildx.net\/wp-content\/uploads\/Icons_alimentos.png\" alt=\"\" width=\"30\" height=\"30\" \/>\u00a0<strong>Alimento<\/strong>: Apto para consumo alimentario.<\/p>\n<p><img decoding=\"async\" src=\"https:\/\/copopalhinhas.maildx.net\/wp-content\/uploads\/Icon_reciclaveis.png\" alt=\"\" width=\"30\" height=\"30\" \/>\u00a0<strong>Reciclables<\/strong>:Productos que pueden reciclarse o utilizarse para la recuperaci\u00f3n de energ\u00eda.<\/p>","protected":false},"excerpt":{"rendered":"<p>Caja de cart\u00f3n para pizza de 41 cm de di\u00e1metro y 4,5 cm de alto: una soluci\u00f3n pr\u00e1ctica y duradera para transportar y entregar pizzas de forma segura. Esta caja est\u00e1 dise\u00f1ada para preservar la calidad de la pizza durante el transporte, manteni\u00e9ndola caliente y fresca hasta su destino. Reciclable y compostable. Resistente a las salsas y retiene el calor.<\/p>\n<p><img decoding=\"async\" src=\"https:\/\/copopalhinhas.maildx.net\/wp-content\/uploads\/Icons_alimentos.png\" alt=\"\" width=\"30\" height=\"30\" \/>\u00a0<img decoding=\"async\" src=\"https:\/\/copopalhinhas.maildx.net\/wp-content\/uploads\/Icon_DESCARTAVEL.png\" alt=\"\" width=\"30\" height=\"30\" \/>\u00a0<img decoding=\"async\" src=\"https:\/\/copopalhinhas.maildx.net\/wp-content\/uploads\/Icon_reciclaveis.png\" alt=\"\" width=\"30\" height=\"30\" \/><\/p>\n<p>&nbsp;<\/p>","protected":false},"featured_media":30015,"comment_status":"open","ping_status":"closed","template":"","meta":{"_acf_changed":false},"product_brand":[],"product_cat":[2046,2010,2011,1726,1512,1484,1665,1490,1503,1397],"product_tag":[1569,1607,1604,1610],"class_list":{"0":"post-75495","1":"product","2":"type-product","3":"status-publish","4":"has-post-thumbnail","6":"product_cat-embalagens-cartao","7":"product_cat-embalagens-descartaveis","8":"product_cat-embalagens-free-plastic-takeaway","9":"product_cat-multicor","10":"product_cat-descartavel","11":"product_cat-cartao","12":"product_cat-o41cm","13":"product_cat-caixas","14":"product_cat-pizza","15":"product_cat-embalagens","16":"product_tag-menu-descartaveis","17":"product_tag-sub-menu-embalagens-cartao","18":"product_tag-sub-menu-embalagens-descartaveis","19":"product_tag-sub-menu-embalagens-free-plastic-takeaway","20":"pa_qtd-por-caixa-1273","21":"tm-no-options","23":"first","24":"instock","25":"taxable","26":"shipping-taxable","27":"purchasable","28":"product-type-variable"},"acf":[],"_links":{"self":[{"href":"https:\/\/copopalhinhas.maildx.net\/es\/wp-json\/wp\/v2\/product\/75495","targetHints":{"allow":["GET"]}}],"collection":[{"href":"https:\/\/copopalhinhas.maildx.net\/es\/wp-json\/wp\/v2\/product"}],"about":[{"href":"https:\/\/copopalhinhas.maildx.net\/es\/wp-json\/wp\/v2\/types\/product"}],"replies":[{"embeddable":true,"href":"https:\/\/copopalhinhas.maildx.net\/es\/wp-json\/wp\/v2\/comments?post=75495"}],"wp:featuredmedia":[{"embeddable":true,"href":"https:\/\/copopalhinhas.maildx.net\/es\/wp-json\/wp\/v2\/media\/30015"}],"wp:attachment":[{"href":"https:\/\/copopalhinhas.maildx.net\/es\/wp-json\/wp\/v2\/media?parent=75495"}],"wp:term":[{"taxonomy":"product_brand","embeddable":true,"href":"https:\/\/copopalhinhas.maildx.net\/es\/wp-json\/wp\/v2\/product_brand?post=75495"},{"taxonomy":"product_cat","embeddable":true,"href":"https:\/\/copopalhinhas.maildx.net\/es\/wp-json\/wp\/v2\/product_cat?post=75495"},{"taxonomy":"product_tag","embeddable":true,"href":"https:\/\/copopalhinhas.maildx.net\/es\/wp-json\/wp\/v2\/product_tag?post=75495"}],"curies":[{"name":"wp","href":"https:\/\/api.w.org\/{rel}","templated":true}]}}