{"id":75757,"date":"2025-09-11T15:14:45","date_gmt":"2025-09-11T14:14:45","guid":{"rendered":"https:\/\/copopalhinhas.maildx.net\/?post_type=product&#038;p=75757"},"modified":"2025-10-08T20:34:06","modified_gmt":"2025-10-08T19:34:06","slug":"embalagem-em-pp-com-tampa-incluida-70cl-700ml","status":"publish","type":"product","link":"https:\/\/copopalhinhas.maildx.net\/es\/producto\/embalagem-em-pp-com-tampa-incluida-70cl-700ml\/","title":{"rendered":"ENVASE PP CON TAPA INCLUIDA 70CL (700ML)"},"content":{"rendered":"<h4>Embalagem em PP com Tampa Inclu\u00edda 70cl (700ml): pr\u00e1tica, resistente e reutiliz\u00e1vel<\/h4>\n<p>A Embalagem em PP com Tampa Inclu\u00edda 70cl (700ml) foi desenvolvida para oferecer praticidade e seguran\u00e7a no transporte de refei\u00e7\u00f5es. Produzida em polipropileno (PP), \u00e9 100% recicl\u00e1vel e 100% reutiliz\u00e1vel, garantindo resist\u00eancia e sustentabilidade em cada utiliza\u00e7\u00e3o. Al\u00e9m disso, o fecho seguro mant\u00e9m os alimentos protegidos, evitando derrames ou contamina\u00e7\u00f5es externas.<\/p>\n<h4>Design funcional e seguro<\/h4>\n<p>De formato retangular (224x150mm) e 50mm de altura, esta embalagem adapta-se facilmente a diferentes tipos de refei\u00e7\u00f5es, desde massas e saladas at\u00e9 pratos completos. A tampa, que vem presa \u00e0 base, assegura praticidade no manuseio e impede a sua perda. Assim, cada utiliza\u00e7\u00e3o torna-se mais simples e confi\u00e1vel.<\/p>\n<h4>Vers\u00e1til e empilh\u00e1vel<\/h4>\n<p>Gra\u00e7as ao seu design inteligente, a embalagem \u00e9 empilh\u00e1vel, economizando espa\u00e7o no transporte e no armazenamento. Por outro lado, o pl\u00e1stico resistente proporciona maior durabilidade, suportando o uso di\u00e1rio em servi\u00e7os de takeaway, delivery, restaura\u00e7\u00e3o coletiva ou mesmo para refei\u00e7\u00f5es caseiras.<\/p>\n<h4>Ideal para contacto alimentar<\/h4>\n<p>Fabricada em material seguro e certificado para contacto com alimentos, esta embalagem mant\u00e9m a qualidade e o sabor das refei\u00e7\u00f5es. Al\u00e9m disso, o PP \u00e9 inodoro e n\u00e3o liberta subst\u00e2ncias nocivas, garantindo uma experi\u00eancia saud\u00e1vel e confi\u00e1vel para o consumidor.<\/p>\n<h4>Solu\u00e7\u00e3o sustent\u00e1vel para takeaway<\/h4>\n<p>Ao optar por esta embalagem reutiliz\u00e1vel, contribui-se para a redu\u00e7\u00e3o de res\u00edduos descart\u00e1veis. Consequentemente, ela representa n\u00e3o apenas uma op\u00e7\u00e3o pr\u00e1tica e resistente, mas tamb\u00e9m uma escolha mais respons\u00e1vel para o futuro do planeta.<\/p>\n<p>Tenemos <span style=\"color: #0000ff\"><a style=\"color: #0000ff\" href=\"https:\/\/copopalhinhas.maildx.net\/es\/categorias\/embalagens-descartaveis\/\">m\u00e1s modelos de embalaje<\/a><\/span> disponible.<\/p>\n<p><img decoding=\"async\" src=\"https:\/\/copopalhinhas.maildx.net\/wp-content\/uploads\/Icons_alimentos.png\" alt=\"\" width=\"30\" height=\"30\" \/> <img decoding=\"async\" src=\"https:\/\/copopalhinhas.maildx.net\/wp-content\/uploads\/Icon_reciclaveis.png\" alt=\"\" width=\"30\" height=\"30\" \/><\/p>","protected":false},"excerpt":{"rendered":"<p>Embalagem retangular em polipropileno (PP) resistente, 100% recicl\u00e1vel e reutiliz\u00e1vel. Com tampa presa \u00e0 base e fecho seguro, \u00e9 empilh\u00e1vel e ideal para transporte de refei\u00e7\u00f5es, takeaway e delivery. Medidas: 224x150x50 mm. Apto para micro-ondas.<\/p>","protected":false},"featured_media":75760,"comment_status":"open","ping_status":"closed","template":"","meta":{"_acf_changed":false},"product_brand":[],"product_cat":[2010,2047,2004,2076,2249,1724,1517,1511,1432,1463,1397],"product_tag":[1608,1586,1568],"class_list":{"0":"post-75757","1":"product","2":"type-product","3":"status-publish","4":"has-post-thumbnail","6":"product_cat-embalagens-descartaveis","7":"product_cat-embalagens-pp-ps-rpet","8":"product_cat-embalagens-reutilizaveis","9":"product_cat-pp","10":"product_cat-take-away","11":"product_cat-translucido","12":"product_cat-61-70cl","13":"product_cat-reutilizaveis-caracteristica","14":"product_cat-materia-prima-pp","15":"product_cat-recipientes","16":"product_cat-embalagens","17":"product_tag-sub-menu-emalagens-pp-ps-pet","18":"product_tag-sub-menu-embalagens-reutilizaveis","19":"product_tag-menu-reutilizaveis","20":"pa_qtd-por-caixa-1273","21":"pa_qtd-por-caixa-282","22":"tm-no-options","24":"first","25":"instock","26":"taxable","27":"shipping-taxable","28":"purchasable","29":"product-type-variable"},"acf":[],"_links":{"self":[{"href":"https:\/\/copopalhinhas.maildx.net\/es\/wp-json\/wp\/v2\/product\/75757","targetHints":{"allow":["GET"]}}],"collection":[{"href":"https:\/\/copopalhinhas.maildx.net\/es\/wp-json\/wp\/v2\/product"}],"about":[{"href":"https:\/\/copopalhinhas.maildx.net\/es\/wp-json\/wp\/v2\/types\/product"}],"replies":[{"embeddable":true,"href":"https:\/\/copopalhinhas.maildx.net\/es\/wp-json\/wp\/v2\/comments?post=75757"}],"wp:featuredmedia":[{"embeddable":true,"href":"https:\/\/copopalhinhas.maildx.net\/es\/wp-json\/wp\/v2\/media\/75760"}],"wp:attachment":[{"href":"https:\/\/copopalhinhas.maildx.net\/es\/wp-json\/wp\/v2\/media?parent=75757"}],"wp:term":[{"taxonomy":"product_brand","embeddable":true,"href":"https:\/\/copopalhinhas.maildx.net\/es\/wp-json\/wp\/v2\/product_brand?post=75757"},{"taxonomy":"product_cat","embeddable":true,"href":"https:\/\/copopalhinhas.maildx.net\/es\/wp-json\/wp\/v2\/product_cat?post=75757"},{"taxonomy":"product_tag","embeddable":true,"href":"https:\/\/copopalhinhas.maildx.net\/es\/wp-json\/wp\/v2\/product_tag?post=75757"}],"curies":[{"name":"wp","href":"https:\/\/api.w.org\/{rel}","templated":true}]}}