{"id":75765,"date":"2025-09-11T15:44:28","date_gmt":"2025-09-11T14:44:28","guid":{"rendered":"https:\/\/copopalhinhas.maildx.net\/?post_type=product&#038;p=75765"},"modified":"2025-10-09T14:50:12","modified_gmt":"2025-10-09T13:50:12","slug":"embalagem-em-pp-com-tampa-incluida-125l-1250ml","status":"publish","type":"product","link":"https:\/\/copopalhinhas.maildx.net\/es\/producto\/embalagem-em-pp-com-tampa-incluida-125l-1250ml\/","title":{"rendered":"ENVASE PP CON TAPA INCLUIDA 1,25L (1250ML)"},"content":{"rendered":"<h4>Embalagem em PP com Tampa Inclu\u00edda 1,25L (1250ml): resist\u00eancia e versatilidade<\/h4>\n<p>A Embalagem em PP com Tampa Inclu\u00edda 1,25L \u00e9 a solu\u00e7\u00e3o ideal para transporte, armazenamento e servi\u00e7o de refei\u00e7\u00f5es. Produzida em polipropileno de alta qualidade, combina resist\u00eancia, seguran\u00e7a alimentar e praticidade, tornando-se indispens\u00e1vel em servi\u00e7os de takeaway, restaura\u00e7\u00e3o e delivery.<\/p>\n<h4>Sustentabilidade e reutiliza\u00e7\u00e3o consciente<\/h4>\n<p>Al\u00e9m de oferecer um desempenho superior, a embalagem \u00e9 100% recicl\u00e1vel e 100% reutiliz\u00e1vel. Assim, torna-se uma alternativa mais respons\u00e1vel em compara\u00e7\u00e3o com as solu\u00e7\u00f5es descart\u00e1veis tradicionais. Por conseguinte, ao utiliz\u00e1-la, contribui n\u00e3o s\u00f3 para a redu\u00e7\u00e3o do desperd\u00edcio, mas tamb\u00e9m para a constru\u00e7\u00e3o de pr\u00e1ticas mais sustent\u00e1veis no dia a dia.<\/p>\n<h4>Design funcional e empilh\u00e1vel<\/h4>\n<p>Com formato retangular de 220 x 153 mm e 75 mm de altura, a embalagem oferece espa\u00e7o generoso de 1,25L (1250ml), ideal para por\u00e7\u00f5es completas. A tampa est\u00e1 integrada \u00e0 base, evitando perdas ou trocas e garantindo um fecho seguro que previne derrames e mant\u00e9m os alimentos frescos por mais tempo. Al\u00e9m disso, o design empilh\u00e1vel facilita o transporte e a organiza\u00e7\u00e3o, otimizando espa\u00e7o em cozinhas, armaz\u00e9ns ou durante o servi\u00e7o de entrega.<\/p>\n<h4>Seguran\u00e7a alimentar e praticidade no dia a dia<\/h4>\n<p>Fabricada em pl\u00e1stico resistente e at\u00f3xico, \u00e9 totalmente segura para contacto com alimentos quentes ou frios. Gra\u00e7as \u00e0 sua durabilidade, pode ser reutilizada v\u00e1rias vezes sem perder a integridade. Por outro lado, o fecho herm\u00e9tico da Embalagem em PP com Tampa Inclu\u00edda oferece tranquilidade tanto para profissionais da restaura\u00e7\u00e3o como para clientes finais.<\/p>\n<h4>Ideal para m\u00faltiplas utiliza\u00e7\u00f5es<\/h4>\n<p>A versatilidade desta Embalagem em PP com Tampa Inclu\u00edda faz dela a escolha perfeita para refei\u00e7\u00f5es completas, saladas, massas, carnes, acompanhamentos ou sobremesas. Do restaurante ao servi\u00e7o de takeaway, de eventos a entregas ao domic\u00edlio, adapta-se facilmente a qualquer necessidade.<\/p>\n<p>Tenemos <span style=\"color: #0000ff\"><a style=\"color: #0000ff\" href=\"https:\/\/copopalhinhas.maildx.net\/es\/categorias\/embalagens-descartaveis\/\">m\u00e1s modelos de embalaje<\/a><\/span> disponible.<\/p>\n<p><img decoding=\"async\" src=\"https:\/\/copopalhinhas.maildx.net\/wp-content\/uploads\/Icons_alimentos.png\" alt=\"\" width=\"30\" height=\"30\" \/> <img decoding=\"async\" src=\"https:\/\/copopalhinhas.maildx.net\/wp-content\/uploads\/Icon_reciclaveis.png\" alt=\"\" width=\"30\" height=\"30\" \/><\/p>","protected":false},"excerpt":{"rendered":"<p>Embalagem em PP com Tampa Inclu\u00edda resistente, 100% recicl\u00e1vel e reutiliz\u00e1vel. Com tampa presa \u00e0 base e fecho seguro, \u00e9 empilh\u00e1vel e ideal para transporte de refei\u00e7\u00f5es, takeaway e delivery. Medidas: 220x153x75 mm. Apto para micro-ondas.<\/p>","protected":false},"featured_media":75769,"comment_status":"open","ping_status":"closed","template":"","meta":{"_acf_changed":false},"product_brand":[],"product_cat":[2010,2047,2004,2076,2249,1724,1517,1511,1432,1463,1397],"product_tag":[1608,1586,1568],"class_list":{"0":"post-75765","1":"product","2":"type-product","3":"status-publish","4":"has-post-thumbnail","6":"product_cat-embalagens-descartaveis","7":"product_cat-embalagens-pp-ps-rpet","8":"product_cat-embalagens-reutilizaveis","9":"product_cat-pp","10":"product_cat-take-away","11":"product_cat-translucido","12":"product_cat-61-70cl","13":"product_cat-reutilizaveis-caracteristica","14":"product_cat-materia-prima-pp","15":"product_cat-recipientes","16":"product_cat-embalagens","17":"product_tag-sub-menu-emalagens-pp-ps-pet","18":"product_tag-sub-menu-embalagens-reutilizaveis","19":"product_tag-menu-reutilizaveis","20":"pa_capacidade-total-1l-15l","21":"pa_qtd-por-caixa-1273","22":"pa_qtd-por-caixa-282","23":"tm-no-options","25":"first","26":"instock","27":"taxable","28":"shipping-taxable","29":"purchasable","30":"product-type-variable"},"acf":[],"_links":{"self":[{"href":"https:\/\/copopalhinhas.maildx.net\/es\/wp-json\/wp\/v2\/product\/75765","targetHints":{"allow":["GET"]}}],"collection":[{"href":"https:\/\/copopalhinhas.maildx.net\/es\/wp-json\/wp\/v2\/product"}],"about":[{"href":"https:\/\/copopalhinhas.maildx.net\/es\/wp-json\/wp\/v2\/types\/product"}],"replies":[{"embeddable":true,"href":"https:\/\/copopalhinhas.maildx.net\/es\/wp-json\/wp\/v2\/comments?post=75765"}],"wp:featuredmedia":[{"embeddable":true,"href":"https:\/\/copopalhinhas.maildx.net\/es\/wp-json\/wp\/v2\/media\/75769"}],"wp:attachment":[{"href":"https:\/\/copopalhinhas.maildx.net\/es\/wp-json\/wp\/v2\/media?parent=75765"}],"wp:term":[{"taxonomy":"product_brand","embeddable":true,"href":"https:\/\/copopalhinhas.maildx.net\/es\/wp-json\/wp\/v2\/product_brand?post=75765"},{"taxonomy":"product_cat","embeddable":true,"href":"https:\/\/copopalhinhas.maildx.net\/es\/wp-json\/wp\/v2\/product_cat?post=75765"},{"taxonomy":"product_tag","embeddable":true,"href":"https:\/\/copopalhinhas.maildx.net\/es\/wp-json\/wp\/v2\/product_tag?post=75765"}],"curies":[{"name":"wp","href":"https:\/\/api.w.org\/{rel}","templated":true}]}}