{"id":76043,"date":"2025-09-15T14:13:53","date_gmt":"2025-09-15T13:13:53","guid":{"rendered":"https:\/\/copopalhinhas.maildx.net\/?post_type=product&#038;p=76043"},"modified":"2025-10-15T14:52:29","modified_gmt":"2025-10-15T13:52:29","slug":"copo-flute-em-san-branco-15cl-150ml","status":"publish","type":"product","link":"https:\/\/copopalhinhas.maildx.net\/es\/producto\/copo-flute-em-san-branco-15cl-150ml\/","title":{"rendered":"COPA FLAUTA BLANCA SAN 15CL (150ML)"},"content":{"rendered":"<h3>Copa Flauta Blanca SAN 15cl (150ml): El Regalo que Combina Estilo y Seguridad<\/h3>\n<p>La copa flauta SAN blanca de 15 cl (150 ml) ofrece una forma sofisticada de servir vinos espumosos, champanes o c\u00f3cteles sin preocuparse por roturas. En primer lugar, la SAN garantiza una durabilidad excepcional, prolongando la vida \u00fatil de la copa y reduciendo los costos de reemplazo. Adem\u00e1s, el color blanco aporta un toque moderno, realzando los colores de las bebidas y creando un contraste visual impactante. Si busca una presentaci\u00f3n atractiva y duradera, esta copa flauta cumple con todos los requisitos.<\/p>\n<h4>Dise\u00f1o que encanta a primera vista<\/h4>\n<p>La esbelta silueta de esta copa flauta blanca de SAN de 15 cl (150 ml) realza cada burbuja y color de las bebidas servidas. Esta forma a\u00f1ade un toque de refinamiento a cada brindis, ya sea en una fiesta \u00edntima o en un evento formal. Adem\u00e1s, su capacidad moderada evita el exceso, promoviendo un consumo equilibrado y momentos m\u00e1s relajados.<\/p>\n<h4>Resistencia que simplifica la vida cotidiana<\/h4>\n<p>SAN destaca por su ligereza y robustez, lo que permite un manejo m\u00e1s seguro y reduce el riesgo de accidentes. En bares, restaurantes o fiestas al aire libre, esta caracter\u00edstica ahorra tiempo y reduce el estr\u00e9s, ya que reduce el riesgo de rotura. Si busca un accesorio que combine eficiencia y estilo, ha encontrado la soluci\u00f3n perfecta para que cada brindis sea inolvidable.<\/p>\n<h4>Limpieza r\u00e1pida y mantenimiento pr\u00e1ctico<\/h4>\n<p>SAN resiste lavados frecuentes, tanto en lavavajillas como a mano, sin perder su color ni forma originales. Como resultado, el vaso se mantiene impecable, listo para usar en numerosas ocasiones. En espacios profesionales, esta durabilidad facilita el flujo de trabajo, mientras que en entornos dom\u00e9sticos garantiza una rutina m\u00e1s sencilla. Si busca vasos duraderos que mantengan su elegancia, este modelo es la opci\u00f3n ideal.<\/p>\n<h4>Versatilidad sorprendente<\/h4>\n<p>Aunque se la conoce como copa de flauta para vino espumoso, esta copa tambi\u00e9n realza la creatividad de los c\u00f3cteles. Su tono blanco realza los vibrantes colores de las bebidas, a\u00f1adiendo un toque visual irresistible. Si busca una copa que ofrezca refinamiento, seguridad y durabilidad, esta copa de flauta blanca SAN de 15 cl (150 ml) supera con creces sus expectativas.<\/p>\n<p>Ver m\u00e1s <a href=\"https:\/\/copopalhinhas.maildx.net\/es\/categorias\/copos-san-premium\/\" target=\"_blank\" rel=\"noopener\">modelos de taza en SAN.<\/a><\/p>","protected":false},"excerpt":{"rendered":"<p>La copa de flauta blanca SAN 15cl (150ml) combina resistencia y dise\u00f1o contempor\u00e1neo.<br \/>\nSAN evita roturas, garantizando una mayor seguridad en eventos o bares.<br \/>\nAdem\u00e1s, el color blanco realza la apariencia de las bebidas, haci\u00e9ndolas m\u00e1s atractivas.<br \/>\nEs una opci\u00f3n vers\u00e1til para servir vinos espumosos o c\u00f3cteles de forma refinada.<\/p>\n<p><strong><img decoding=\"async\" src=\"https:\/\/copopalhinhas.maildx.net\/wp-content\/uploads\/Icon_inquebraveis.png\" alt=\"\" width=\"30\" height=\"30\" \/> <img decoding=\"async\" src=\"https:\/\/copopalhinhas.maildx.net\/wp-content\/uploads\/Icon_reciclaveis.png\" alt=\"\" width=\"30\" height=\"30\" \/> <\/strong><strong><img decoding=\"async\" src=\"https:\/\/copopalhinhas.maildx.net\/wp-content\/uploads\/Icon_resistencia.png\" alt=\"\" width=\"30\" height=\"30\" \/> <\/strong><strong><img loading=\"lazy\" decoding=\"async\" src=\"https:\/\/copopalhinhas.maildx.net\/wp-content\/uploads\/Icon_compativeis.png\" alt=\"\" width=\"30\" height=\"30\" \/> <\/strong><strong><img loading=\"lazy\" decoding=\"async\" src=\"https:\/\/copopalhinhas.maildx.net\/wp-content\/uploads\/Icons_alimentos.png\" alt=\"\" width=\"30\" height=\"30\" \/> <\/strong><strong><img loading=\"lazy\" decoding=\"async\" src=\"https:\/\/copopalhinhas.maildx.net\/wp-content\/uploads\/Icon_neutros.png\" alt=\"\" width=\"30\" height=\"30\" \/> <\/strong><strong><img loading=\"lazy\" decoding=\"async\" src=\"https:\/\/copopalhinhas.maildx.net\/wp-content\/uploads\/Icon_isolamentos.png\" alt=\"\" width=\"30\" height=\"30\" \/> <\/strong><strong><img loading=\"lazy\" decoding=\"async\" src=\"https:\/\/copopalhinhas.maildx.net\/wp-content\/uploads\/Icons_seguranca.png\" alt=\"\" width=\"30\" height=\"30\" \/> <\/strong><strong><img loading=\"lazy\" decoding=\"async\" src=\"https:\/\/copopalhinhas.maildx.net\/wp-content\/uploads\/Icons_reutilizaveis.png\" alt=\"\" width=\"30\" height=\"30\" \/> <\/strong><strong><img loading=\"lazy\" decoding=\"async\" src=\"https:\/\/copopalhinhas.maildx.net\/wp-content\/uploads\/Icon_economicos.png\" alt=\"\" width=\"30\" height=\"30\" \/> <\/strong><strong><img loading=\"lazy\" decoding=\"async\" src=\"https:\/\/copopalhinhas.maildx.net\/wp-content\/uploads\/Icon_transparencia.png\" alt=\"\" width=\"30\" height=\"30\" \/><\/strong><\/p>","protected":false},"featured_media":76804,"comment_status":"open","ping_status":"closed","template":"","meta":{"_acf_changed":false},"product_brand":[],"product_cat":[2000,2017,2026,1719,1453,1510,1434,1440,1946,225],"product_tag":[1575,1781,1845,1568],"class_list":{"0":"post-76043","1":"product","2":"type-product","3":"status-publish","4":"has-post-thumbnail","6":"product_cat-copos-reutilizaveis-premium","7":"product_cat-copos-san-premium","8":"product_cat-copos-san-reutilizaveis","9":"product_cat-branco","10":"product_cat-11-20cl","11":"product_cat-inquebravel","12":"product_cat-materia-prima-san","13":"product_cat-champanhe","14":"product_cat-copo","15":"product_cat-copos","16":"product_tag-sub-menu-copos-premium","17":"product_tag-sub-menu-copos-premium-san","18":"product_tag-copos-reutilizaveis-premium-homepage","19":"product_tag-menu-reutilizaveis","20":"pa_capacidade-total-11-20cl","21":"pa_qtd-por-caixa-284","22":"tm-no-options","24":"first","25":"instock","26":"taxable","27":"shipping-taxable","28":"purchasable","29":"product-type-variable"},"acf":[],"_links":{"self":[{"href":"https:\/\/copopalhinhas.maildx.net\/es\/wp-json\/wp\/v2\/product\/76043","targetHints":{"allow":["GET"]}}],"collection":[{"href":"https:\/\/copopalhinhas.maildx.net\/es\/wp-json\/wp\/v2\/product"}],"about":[{"href":"https:\/\/copopalhinhas.maildx.net\/es\/wp-json\/wp\/v2\/types\/product"}],"replies":[{"embeddable":true,"href":"https:\/\/copopalhinhas.maildx.net\/es\/wp-json\/wp\/v2\/comments?post=76043"}],"wp:featuredmedia":[{"embeddable":true,"href":"https:\/\/copopalhinhas.maildx.net\/es\/wp-json\/wp\/v2\/media\/76804"}],"wp:attachment":[{"href":"https:\/\/copopalhinhas.maildx.net\/es\/wp-json\/wp\/v2\/media?parent=76043"}],"wp:term":[{"taxonomy":"product_brand","embeddable":true,"href":"https:\/\/copopalhinhas.maildx.net\/es\/wp-json\/wp\/v2\/product_brand?post=76043"},{"taxonomy":"product_cat","embeddable":true,"href":"https:\/\/copopalhinhas.maildx.net\/es\/wp-json\/wp\/v2\/product_cat?post=76043"},{"taxonomy":"product_tag","embeddable":true,"href":"https:\/\/copopalhinhas.maildx.net\/es\/wp-json\/wp\/v2\/product_tag?post=76043"}],"curies":[{"name":"wp","href":"https:\/\/api.w.org\/{rel}","templated":true}]}}