{"id":76068,"date":"2025-09-15T15:52:09","date_gmt":"2025-09-15T14:52:09","guid":{"rendered":"https:\/\/copopalhinhas.maildx.net\/?post_type=product&#038;p=76068"},"modified":"2025-09-27T19:47:03","modified_gmt":"2025-09-27T18:47:03","slug":"copo-de-papel-cartao-castanho-12cl-120ml-4oz","status":"publish","type":"product","link":"https:\/\/copopalhinhas.maildx.net\/es\/producto\/copo-de-papel-cartao-castanho-12cl-120ml-4oz\/","title":{"rendered":"Vaso de papel marr\u00f3n (cart\u00f3n) 12 cl (120 ml\/4 oz)"},"content":{"rendered":"<h4>Copo de Papel Castanho 12cl (120ml\/4oz): ecol\u00f3gico, vers\u00e1til e seguro<\/h4>\n<p>O Copo de Papel Castanho 12cl (120ml\/4oz) foi desenvolvido para oferecer uma alternativa pr\u00e1tica, ecol\u00f3gica e funcional ao uso di\u00e1rio. Produzido em cart\u00e3o resistente e certificado, este copo adapta-se perfeitamente a diferentes tipos de bebidas, mantendo a temperatura e a qualidade em cada utiliza\u00e7\u00e3o.<\/p>\n<h4>Sustentabilidade garantida<\/h4>\n<p>Gra\u00e7as ao seu material biodegrad\u00e1vel, recicl\u00e1vel e compost\u00e1vel, o copo cumpre a norma EN 13432, garantindo um descarte amigo do ambiente. Dessa forma, contribui para a redu\u00e7\u00e3o do pl\u00e1stico descart\u00e1vel e promove pr\u00e1ticas mais respons\u00e1veis, tanto em estabelecimentos comerciais como no consumo dom\u00e9stico.<\/p>\n<h4>Resist\u00eancia e seguran\u00e7a alimentar<\/h4>\n<p>Apesar de ser leve, o copo apresenta grande resist\u00eancia a \u00f3leos, l\u00edquidos quentes e gorduras. Al\u00e9m disso, o copo de papel castanho, suporta temperaturas entre +5\u00baC e +85\u00baC, o que permite servir caf\u00e9s, ch\u00e1s, chocolate quente ou at\u00e9 bebidas frias sem comprometer o desempenho. Como n\u00e3o cont\u00e9m pl\u00e1stico, oferece ainda mais confian\u00e7a no contacto com alimentos.<\/p>\n<h4>Design natural e vers\u00e1til<\/h4>\n<p>Com a sua cor castanha kraft, o copo transmite uma imagem aut\u00eantica, moderna e alinhada com tend\u00eancias sustent\u00e1veis. As dimens\u00f5es de \u00d86,3\/4,5 x 6 cm garantem praticidade no manuseamento e tornam-no adequado para caf\u00e9s curtos, degusta\u00e7\u00f5es, provas de bebidas e eventos em geral.<\/p>\n<h4>Conveni\u00eancia para neg\u00f3cios e consumidores<\/h4>\n<p>Este copo \u00e9 a escolha ideal para caf\u00e9s, pastelarias, eventos, feiras e servi\u00e7os de catering, bem como para quem procura solu\u00e7\u00f5es sustent\u00e1veis em casa. Al\u00e9m disso, pode ser usado em micro-ondas dentro da faixa indicada, proporcionando ainda mais versatilidade no dia a dia.<\/p>\n<h4>Uma solu\u00e7\u00e3o amiga do ambiente<\/h4>\n<p>Ao optar por este copo de papel castanho, garante n\u00e3o s\u00f3 a qualidade e seguran\u00e7a alimentar, mas tamb\u00e9m a redu\u00e7\u00e3o de impacto ambiental. Assim, cada utiliza\u00e7\u00e3o traduz-se numa escolha mais consciente, valorizando tanto o cliente como o planeta.<\/p>\n<p><img decoding=\"async\" src=\"https:\/\/copopalhinhas.maildx.net\/wp-content\/uploads\/Icon_DESCARTAVEL.png\" alt=\"\" width=\"30\" height=\"30\" \/> <strong>Desechable<\/strong><\/p>\n<p><img decoding=\"async\" src=\"https:\/\/copopalhinhas.maildx.net\/wp-content\/uploads\/Icons_alimentos.png\" alt=\"\" width=\"30\" height=\"30\" \/> <strong>Alimento<\/strong>: Apto para consumo alimentario.<\/p>\n<p><img decoding=\"async\" src=\"https:\/\/copopalhinhas.maildx.net\/wp-content\/uploads\/Icon_reciclaveis.png\" alt=\"\" width=\"30\" height=\"30\" \/> <strong>Reciclables<\/strong>:Productos que pueden reciclarse o utilizarse para la recuperaci\u00f3n de energ\u00eda.<\/p>","protected":false},"excerpt":{"rendered":"<p>O Copo de Papel Castanho 12cl (120ml\/4oz) \u00e9 recicl\u00e1vel, biodegrad\u00e1vel e compost\u00e1vel, cumprindo a norma EN 13432. Resistente a \u00f3leos e gorduras, suporta temperaturas entre +5\u00baC e +85\u00baC, sendo adequado para micro-ondas. Com design natural em cart\u00e3o castanho, \u00e9 ideal para caf\u00e9s, ch\u00e1s, degusta\u00e7\u00f5es e servi\u00e7os takeaway, oferecendo uma solu\u00e7\u00e3o pr\u00e1tica, segura e sustent\u00e1vel, livre de pl\u00e1stico.<br \/>\n<img decoding=\"async\" src=\"https:\/\/copopalhinhas.maildx.net\/wp-content\/uploads\/Icons_alimentos.png\" alt=\"\" width=\"30\" height=\"30\" \/> <img decoding=\"async\" src=\"https:\/\/copopalhinhas.maildx.net\/wp-content\/uploads\/Icon_DESCARTAVEL.png\" alt=\"\" width=\"30\" height=\"30\" \/> <img decoding=\"async\" src=\"https:\/\/copopalhinhas.maildx.net\/wp-content\/uploads\/Icon_reciclaveis.png\" alt=\"\" width=\"30\" height=\"30\" \/><\/p>","protected":false},"featured_media":76075,"comment_status":"open","ping_status":"closed","template":"","meta":{"_acf_changed":false},"product_brand":[],"product_cat":[1725,2007,2035,2037,1453,1512,1508,1437,1946,225],"product_tag":[1589,1594,1595,1569],"class_list":{"0":"post-76068","1":"product","2":"type-product","3":"status-publish","4":"has-post-thumbnail","6":"product_cat-castanho","7":"product_cat-copos-descartaveis","8":"product_cat-copos-descartaveis-cartao","9":"product_cat-copos-descartaveis-free-plastic","10":"product_cat-11-20cl","11":"product_cat-descartavel","12":"product_cat-kraft","13":"product_cat-cafe","14":"product_cat-copo","15":"product_cat-copos","16":"product_tag-sub-menu-copos-descartaveis","17":"product_tag-sub-menu-copos-descartaveis-papel-cartao","18":"product_tag-sub-menu-copos-descartaveis-free-plastic","19":"product_tag-menu-descartaveis","20":"pa_qtd-por-caixa-1273","21":"pa_qtd-por-caixa-1288","22":"tm-no-options","24":"first","25":"instock","26":"taxable","27":"shipping-taxable","28":"purchasable","29":"product-type-variable"},"acf":[],"_links":{"self":[{"href":"https:\/\/copopalhinhas.maildx.net\/es\/wp-json\/wp\/v2\/product\/76068","targetHints":{"allow":["GET"]}}],"collection":[{"href":"https:\/\/copopalhinhas.maildx.net\/es\/wp-json\/wp\/v2\/product"}],"about":[{"href":"https:\/\/copopalhinhas.maildx.net\/es\/wp-json\/wp\/v2\/types\/product"}],"replies":[{"embeddable":true,"href":"https:\/\/copopalhinhas.maildx.net\/es\/wp-json\/wp\/v2\/comments?post=76068"}],"wp:featuredmedia":[{"embeddable":true,"href":"https:\/\/copopalhinhas.maildx.net\/es\/wp-json\/wp\/v2\/media\/76075"}],"wp:attachment":[{"href":"https:\/\/copopalhinhas.maildx.net\/es\/wp-json\/wp\/v2\/media?parent=76068"}],"wp:term":[{"taxonomy":"product_brand","embeddable":true,"href":"https:\/\/copopalhinhas.maildx.net\/es\/wp-json\/wp\/v2\/product_brand?post=76068"},{"taxonomy":"product_cat","embeddable":true,"href":"https:\/\/copopalhinhas.maildx.net\/es\/wp-json\/wp\/v2\/product_cat?post=76068"},{"taxonomy":"product_tag","embeddable":true,"href":"https:\/\/copopalhinhas.maildx.net\/es\/wp-json\/wp\/v2\/product_tag?post=76068"}],"curies":[{"name":"wp","href":"https:\/\/api.w.org\/{rel}","templated":true}]}}