{"id":76379,"date":"2025-09-18T09:38:40","date_gmt":"2025-09-18T08:38:40","guid":{"rendered":"https:\/\/copopalhinhas.maildx.net\/?post_type=product&#038;p=76379"},"modified":"2025-09-24T21:50:47","modified_gmt":"2025-09-24T20:50:47","slug":"taca-copo-em-pet-com-tampa-alta-com-furo-425cl-425ml-12oz","status":"publish","type":"product","link":"https:\/\/copopalhinhas.maildx.net\/es\/producto\/taca-copo-em-pet-com-tampa-alta-com-furo-425cl-425ml-12oz\/","title":{"rendered":"Vaso para mascotas con tapa alta y orificio de 42,5 cl (425 ml\/12 oz)"},"content":{"rendered":"<h4>Dise\u00f1o moderno y funcionalidad superior.<\/h4>\n<p>El vaso PET de 42,5 cl (425 ml\/12 oz) con tapa alta y orificio fue dise\u00f1ado para mejorar las bebidas fr\u00edas, garantizando la comodidad diaria. De esta manera, cada jugo, smoothie, a\u00e7a\u00ed o malteada adquiere protagonismo visual, mientras que el orificio en la tapa permite el uso c\u00f3modo e higi\u00e9nico de pajitas.<\/p>\n<h4>Capacidad y versatilidad adecuadas<\/h4>\n<p>Con una capacidad de 42,5 cl, esta taza se adapta f\u00e1cilmente a diferentes entornos. Es ideal para cafeter\u00edas, tiendas de a\u00e7a\u00ed, panader\u00edas, bares de jugos, eventos al aire libre y servicios de comida para llevar. Adem\u00e1s, su forma ergon\u00f3mica facilita su manejo y hace que beber sea m\u00e1s agradable.<\/p>\n<h4>Tapa alta con orificio: practicidad en el consumo<\/h4>\n<p>La tapa alta y perforada fue dise\u00f1ada para mayor comodidad y seguridad. De esta manera, los clientes pueden disfrutar de su bebida con una pajita sin riesgo de derrames. Al mismo tiempo, la altura adicional de la tapa crea espacio para espuma, crema batida o aderezos, mejorando la presentaci\u00f3n.<\/p>\n<h4>La sostenibilidad en primer plano<\/h4>\n<p>Fabricado con PET reciclable, este vaso promueve pr\u00e1cticas m\u00e1s sostenibles en la industria de la restauraci\u00f3n. Por lo tanto, los negocios que eligen este envase demuestran responsabilidad ambiental sin sacrificar la calidad. A diferencia de las soluciones desechables no reciclables, este vaso combina comodidad y conciencia ambiental.<\/p>\n<h4>Eficiencia en el almacenamiento y uso profesional<\/h4>\n<p>El dise\u00f1o apilable ahorra espacio en almacenes y mostradores, facilitando la organizaci\u00f3n. Esto permite a las empresas mantener un flujo de trabajo optimizado incluso en horas punta. Asimismo, su material ligero simplifica el transporte y el servicio.<\/p>\n<h4>La soluci\u00f3n ideal para bebidas fr\u00edas premium.<\/h4>\n<p>Elegir el vaso PET de 42,5 cl (425 ml\/12 oz) con tapa alta y orificio significa invertir en practicidad, est\u00e9tica y sostenibilidad. En definitiva, este producto es la opci\u00f3n ideal para empresas que buscan ofrecer una experiencia de consumo diferenciada, segura y moderna.<\/p>\n<p><a href=\"https:\/\/copopalhinhas.maildx.net\/es\/categorias\/copos-pet-rpet\/\" target=\"_blank\" rel=\"noopener\">Tambi\u00e9n puedes ver m\u00e1s modelos de cuencos PET<\/a>.<\/p>\n<p><img decoding=\"async\" src=\"https:\/\/copopalhinhas.maildx.net\/wp-content\/uploads\/Icon_DESCARTAVEL.png\" alt=\"\" width=\"30\" height=\"30\" \/> <strong>Desechable<\/strong><\/p>\n<p><img decoding=\"async\" src=\"https:\/\/copopalhinhas.maildx.net\/wp-content\/uploads\/Icons_alimentos.png\" alt=\"\" width=\"30\" height=\"30\" \/> <strong>Alimento<\/strong>: Apto para consumo alimentario.<\/p>\n<p><img decoding=\"async\" src=\"https:\/\/copopalhinhas.maildx.net\/wp-content\/uploads\/Icon_reciclaveis.png\" alt=\"\" width=\"30\" height=\"30\" \/> <strong>Reciclables<\/strong>:Productos que pueden reciclarse o utilizarse para la recuperaci\u00f3n de energ\u00eda.<\/p>","protected":false},"excerpt":{"rendered":"<p>El vaso de PET de 42,5 cl (425 ml\/12 oz) con tapa alta y perforaci\u00f3n combina funcionalidad y dise\u00f1o moderno, lo que lo hace perfecto para smoothies, a\u00e7a\u00ed, batidos, frapp\u00e9s y malteadas. Fabricado con PET reciclable, garantiza durabilidad, transparencia y una presentaci\u00f3n sofisticada. La tapa perforada permite el uso de pajitas, lo que ofrece mayor comodidad y un transporte m\u00e1s seguro.<\/p>","protected":false},"featured_media":76387,"comment_status":"open","ping_status":"closed","template":"","meta":{"_acf_changed":false},"product_brand":[],"product_cat":[2007,2034,2010,2047,2008,2039,2249,1718,1455,1512,1892,1946,1499,1986,225,1397],"product_tag":[1589,1593,1569,1702,1608,1596,1597],"class_list":{"0":"post-76379","1":"product","2":"type-product","3":"status-publish","4":"has-post-thumbnail","6":"product_cat-copos-descartaveis","7":"product_cat-copos-pet-rpet","8":"product_cat-embalagens-descartaveis","9":"product_cat-embalagens-pp-ps-rpet","10":"product_cat-loucas-descartaveis","11":"product_cat-loucas-descartaveis-pet-rpet","12":"product_cat-take-away","13":"product_cat-transparente","14":"product_cat-41-50cl","15":"product_cat-descartavel","16":"product_cat-pet","17":"product_cat-copo","18":"product_cat-sobremesa","19":"product_cat-com-furo","20":"product_cat-copos","21":"product_cat-embalagens","22":"product_tag-sub-menu-copos-descartaveis","23":"product_tag-sub-menu-copos-descartaveis-pet","24":"product_tag-menu-descartaveis","25":"product_tag-destaque","26":"product_tag-sub-menu-emalagens-pp-ps-pet","27":"product_tag-sub-menu-loucas-descartaveis","28":"product_tag-sub-menu-loucas-descartaveis-pet","29":"pa_capacidade-total-31-40cl","30":"pa_qtd-por-caixa-281","31":"pa_qtd-por-caixa-1288","32":"tm-no-options","34":"first","35":"instock","36":"taxable","37":"shipping-taxable","38":"purchasable","39":"product-type-variable"},"acf":[],"_links":{"self":[{"href":"https:\/\/copopalhinhas.maildx.net\/es\/wp-json\/wp\/v2\/product\/76379","targetHints":{"allow":["GET"]}}],"collection":[{"href":"https:\/\/copopalhinhas.maildx.net\/es\/wp-json\/wp\/v2\/product"}],"about":[{"href":"https:\/\/copopalhinhas.maildx.net\/es\/wp-json\/wp\/v2\/types\/product"}],"replies":[{"embeddable":true,"href":"https:\/\/copopalhinhas.maildx.net\/es\/wp-json\/wp\/v2\/comments?post=76379"}],"wp:featuredmedia":[{"embeddable":true,"href":"https:\/\/copopalhinhas.maildx.net\/es\/wp-json\/wp\/v2\/media\/76387"}],"wp:attachment":[{"href":"https:\/\/copopalhinhas.maildx.net\/es\/wp-json\/wp\/v2\/media?parent=76379"}],"wp:term":[{"taxonomy":"product_brand","embeddable":true,"href":"https:\/\/copopalhinhas.maildx.net\/es\/wp-json\/wp\/v2\/product_brand?post=76379"},{"taxonomy":"product_cat","embeddable":true,"href":"https:\/\/copopalhinhas.maildx.net\/es\/wp-json\/wp\/v2\/product_cat?post=76379"},{"taxonomy":"product_tag","embeddable":true,"href":"https:\/\/copopalhinhas.maildx.net\/es\/wp-json\/wp\/v2\/product_tag?post=76379"}],"curies":[{"name":"wp","href":"https:\/\/api.w.org\/{rel}","templated":true}]}}