{"id":76484,"date":"2025-09-19T09:51:47","date_gmt":"2025-09-19T08:51:47","guid":{"rendered":"https:\/\/copopalhinhas.maildx.net\/?post_type=product&#038;p=76484"},"modified":"2025-10-05T17:54:50","modified_gmt":"2025-10-05T16:54:50","slug":"taca-copo-em-pet-com-tampa-alta-com-furo-24cl-240ml-8oz","status":"publish","type":"product","link":"https:\/\/copopalhinhas.maildx.net\/es\/producto\/taca-copo-em-pet-com-tampa-alta-com-furo-24cl-240ml-8oz\/","title":{"rendered":"Vaso para mascotas con tapa alta y orificio de 24 cl (240 ml\/8 oz)"},"content":{"rendered":"<p>El vaso PET de 24 cl (240 ml\/8 oz) con tapa alta y orificio combina practicidad, durabilidad y estilo. Su forma transparente realza al instante el color y la textura de las bebidas, haciendo que cada porci\u00f3n sea m\u00e1s atractiva. Adem\u00e1s, su acabado cristalino transmite una imagen moderna y profesional.<\/p>\n<h4>Capacidad ideal para diferentes bebidas.<\/h4>\n<p>Con una capacidad de 24 cl, este vaso alto y perforado se adapta a diversas opciones de bebida. Sirve para zumos naturales, smoothies, batidos o refrescos. Adem\u00e1s, su tama\u00f1o compacto facilita su uso en cualquier lugar, tanto en interiores como en eventos al aire libre.<\/p>\n<h4>Tapa alta con orificio: practicidad en el consumo<\/h4>\n<p>La tapa alta y perforada garantiza una experiencia c\u00f3moda e higi\u00e9nica. Su dise\u00f1o elevado protege la bebida de derrames, mientras que el orificio central permite el uso de pajitas. Esto hace que este vaso sea ideal para bebidas espumosas, crema batida o aderezos, brindando mayor comodidad al cliente.<\/p>\n<h4>Sostenibilidad y responsabilidad ambiental<\/h4>\n<p>Fabricado con PET reciclable, el vaso fomenta pr\u00e1cticas m\u00e1s respetuosas con el medio ambiente. Como resultado, los establecimientos reducen su impacto ambiental y refuerzan su compromiso con la sostenibilidad. Adem\u00e1s, los clientes pueden disfrutar de su bebida con la tranquilidad de saber que est\u00e1n eligiendo una soluci\u00f3n ecol\u00f3gica.<\/p>\n<h4>Apilable y eficiente para los negocios.<\/h4>\n<p>Gracias a su dise\u00f1o apilable, este vaso alto y perforado facilita el almacenamiento y mejora la eficiencia operativa. Esto permite a cafeter\u00edas, panader\u00edas, helader\u00edas y servicios de catering optimizar el espacio, reducir los desperdicios y servir con mayor comodidad.<\/p>\n<h4>Versatilidad en diferentes contextos<\/h4>\n<p>Otro punto a favor es su versatilidad. De hecho, esta taza se adapta a diferentes escenarios: desde establecimientos permanentes hasta eventos temporales, como festivales o ferias. Por lo tanto, representa una soluci\u00f3n que combina est\u00e9tica, funcionalidad y sostenibilidad.<\/p>\n<p><a href=\"https:\/\/copopalhinhas.maildx.net\/es\/categorias\/copos-pet-rpet\/\" target=\"_blank\" rel=\"noopener\">Tambi\u00e9n puedes ver m\u00e1s modelos de cuencos PET<\/a>.<\/p>\n<p><img decoding=\"async\" src=\"https:\/\/copopalhinhas.maildx.net\/wp-content\/uploads\/Icon_DESCARTAVEL.png\" alt=\"\" width=\"30\" height=\"30\" \/> <strong>Desechable<\/strong><\/p>\n<p><img decoding=\"async\" src=\"https:\/\/copopalhinhas.maildx.net\/wp-content\/uploads\/Icons_alimentos.png\" alt=\"\" width=\"30\" height=\"30\" \/> <strong>Alimento<\/strong>: Apto para consumo alimentario.<\/p>\n<p><img decoding=\"async\" src=\"https:\/\/copopalhinhas.maildx.net\/wp-content\/uploads\/Icon_reciclaveis.png\" alt=\"\" width=\"30\" height=\"30\" \/> <strong>Reciclables<\/strong>:Productos que pueden reciclarse o utilizarse para la recuperaci\u00f3n de energ\u00eda.<\/p>","protected":false},"excerpt":{"rendered":"<p>El vaso PET de 24 cl (240 ml\/8 oz) con tapa alta y orificio es pr\u00e1ctico, elegante y seguro. Fabricado en PET transparente y reciclable, garantiza su durabilidad, realza la presentaci\u00f3n de la bebida e incluye una tapa alta con orificio, ideal para usar con pajitas. Perfecto para smoothies, a\u00e7a\u00ed, batidos, jugos e incluso postres como ensalada de frutas, mousses y gelatinas, es ideal para cafeter\u00edas, panader\u00edas, helader\u00edas y servicios de comida para llevar.<\/p>","protected":false},"featured_media":76495,"comment_status":"open","ping_status":"closed","template":"","meta":{"_acf_changed":false},"product_brand":[],"product_cat":[2007,2034,2010,2047,2008,2039,2249,1718,1515,1512,1892,1946,1499,1986,225,1397],"product_tag":[1589,1593,1569,1702,1608,1596,1597],"class_list":{"0":"post-76484","1":"product","2":"type-product","3":"status-publish","4":"has-post-thumbnail","6":"product_cat-copos-descartaveis","7":"product_cat-copos-pet-rpet","8":"product_cat-embalagens-descartaveis","9":"product_cat-embalagens-pp-ps-rpet","10":"product_cat-loucas-descartaveis","11":"product_cat-loucas-descartaveis-pet-rpet","12":"product_cat-take-away","13":"product_cat-transparente","14":"product_cat-21-30cl","15":"product_cat-descartavel","16":"product_cat-pet","17":"product_cat-copo","18":"product_cat-sobremesa","19":"product_cat-com-furo","20":"product_cat-copos","21":"product_cat-embalagens","22":"product_tag-sub-menu-copos-descartaveis","23":"product_tag-sub-menu-copos-descartaveis-pet","24":"product_tag-menu-descartaveis","25":"product_tag-destaque","26":"product_tag-sub-menu-emalagens-pp-ps-pet","27":"product_tag-sub-menu-loucas-descartaveis","28":"product_tag-sub-menu-loucas-descartaveis-pet","29":"pa_capacidade-total-31-40cl","30":"pa_qtd-por-caixa-281","31":"pa_qtd-por-caixa-1288","32":"tm-no-options","34":"first","35":"instock","36":"taxable","37":"shipping-taxable","38":"purchasable","39":"product-type-variable"},"acf":[],"_links":{"self":[{"href":"https:\/\/copopalhinhas.maildx.net\/es\/wp-json\/wp\/v2\/product\/76484","targetHints":{"allow":["GET"]}}],"collection":[{"href":"https:\/\/copopalhinhas.maildx.net\/es\/wp-json\/wp\/v2\/product"}],"about":[{"href":"https:\/\/copopalhinhas.maildx.net\/es\/wp-json\/wp\/v2\/types\/product"}],"replies":[{"embeddable":true,"href":"https:\/\/copopalhinhas.maildx.net\/es\/wp-json\/wp\/v2\/comments?post=76484"}],"wp:featuredmedia":[{"embeddable":true,"href":"https:\/\/copopalhinhas.maildx.net\/es\/wp-json\/wp\/v2\/media\/76495"}],"wp:attachment":[{"href":"https:\/\/copopalhinhas.maildx.net\/es\/wp-json\/wp\/v2\/media?parent=76484"}],"wp:term":[{"taxonomy":"product_brand","embeddable":true,"href":"https:\/\/copopalhinhas.maildx.net\/es\/wp-json\/wp\/v2\/product_brand?post=76484"},{"taxonomy":"product_cat","embeddable":true,"href":"https:\/\/copopalhinhas.maildx.net\/es\/wp-json\/wp\/v2\/product_cat?post=76484"},{"taxonomy":"product_tag","embeddable":true,"href":"https:\/\/copopalhinhas.maildx.net\/es\/wp-json\/wp\/v2\/product_tag?post=76484"}],"curies":[{"name":"wp","href":"https:\/\/api.w.org\/{rel}","templated":true}]}}