{"id":76512,"date":"2025-09-19T12:40:40","date_gmt":"2025-09-19T11:40:40","guid":{"rendered":"https:\/\/copopalhinhas.maildx.net\/?post_type=product&#038;p=76512"},"modified":"2025-10-15T22:01:22","modified_gmt":"2025-10-15T21:01:22","slug":"taca-copo-em-pet-com-tampa-alta-com-furo-30cl-300ml-10oz-copia","status":"publish","type":"product","link":"https:\/\/copopalhinhas.maildx.net\/es\/producto\/taca-copo-em-pet-com-tampa-alta-com-furo-30cl-300ml-10oz-copia\/","title":{"rendered":"Vaso para mascotas con tapa alta y orificio de 30 cl (300 ml\/10 oz)"},"content":{"rendered":"<h4>Design funcional e transparente<\/h4>\n<p>O copo PET com tampa alta com furo de 30\u202fcl possui acabamento cristalino que destaca a cor e a textura de bebidas e alimentos. Assim, ele valoriza smoothies, iogurtes com granola, a\u00e7a\u00eds, sobremesas cremosas e saladas de fruta. Al\u00e9m disso, a tampa alta com furo facilita o consumo e mant\u00e9m a higiene, transmitindo profissionalismo em qualquer servi\u00e7o.<\/p>\n<h4>Capacidade ideal para diversas utiliza\u00e7\u00f5es<\/h4>\n<p>Com 300\u202fml, o copo com tampa alta com furo adapta-se a sumos, batidos, milkshakes, refrigerantes e outras bebidas refrescantes. Portanto, ele atende perfeitamente a caf\u00e9s, geladarias, pastelarias e servi\u00e7os takeaway, oferecendo uma solu\u00e7\u00e3o pr\u00e1tica e vers\u00e1til.<\/p>\n<h4>Resist\u00eancia e conveni\u00eancia no dia a dia<\/h4>\n<p>Fabricado em PET de alta qualidade, o copo suporta impactos, reduzindo o risco de quebra. Al\u00e9m disso, o formato empilh\u00e1vel facilita a organiza\u00e7\u00e3o e otimiza o espa\u00e7o de armazenamento, ideal para estabelecimentos com grande movimento.<\/p>\n<h4>Sostenibilidad y responsabilidad ambiental<\/h4>\n<p>O copo com tampa alta com furo \u00e9 100% recicl\u00e1vel, permitindo que empresas adotem pr\u00e1ticas mais sustent\u00e1veis. Assim, os clientes recebem uma embalagem pr\u00e1tica, ecol\u00f3gica e confi\u00e1vel, sem comprometer a qualidade.<\/p>\n<h4>Perfeito para neg\u00f3cios e eventos<\/h4>\n<p>Gra\u00e7as \u00e0 sua praticidade e versatilidade, o copo atende tanto ao consumo individual quanto a eventos de grande escala, como festivais, feiras e catering. Por isso, representa uma escolha inteligente, que combina funcionalidade, est\u00e9tica e compromisso ambiental.<\/p>\n<h4>Versatilidad en diferentes contextos<\/h4>\n<p>Otro punto a favor es su versatilidad. De hecho, esta taza se adapta a diferentes escenarios: desde establecimientos permanentes hasta eventos temporales, como festivales o ferias. Por lo tanto, representa una soluci\u00f3n que combina est\u00e9tica, funcionalidad y sostenibilidad.<\/p>\n<p><a href=\"https:\/\/copopalhinhas.maildx.net\/es\/categorias\/copos-pet-rpet\/\" target=\"_blank\" rel=\"noopener\">Mais copos em PET.<\/a><\/p>\n<p><img decoding=\"async\" src=\"https:\/\/copopalhinhas.maildx.net\/wp-content\/uploads\/Icon_DESCARTAVEL.png\" alt=\"\" width=\"30\" height=\"30\" \/> <strong>Desechable<\/strong><\/p>\n<p><img decoding=\"async\" src=\"https:\/\/copopalhinhas.maildx.net\/wp-content\/uploads\/Icons_alimentos.png\" alt=\"\" width=\"30\" height=\"30\" \/> <strong>Alimento<\/strong>: Apto para consumo alimentario.<\/p>\n<p><img decoding=\"async\" src=\"https:\/\/copopalhinhas.maildx.net\/wp-content\/uploads\/Icon_reciclaveis.png\" alt=\"\" width=\"30\" height=\"30\" \/> <strong>Reciclables<\/strong>:Productos que pueden reciclarse o utilizarse para la recuperaci\u00f3n de energ\u00eda.<\/p>","protected":false},"excerpt":{"rendered":"<p>Ta\u00e7a (Copo) em PET transparente de 300\u202fml com tampa alta com furo, que valoriza cores e texturas. Ideal para smoothies, a\u00e7a\u00eds, iogurtes e sobremesas. Tampa com furo garante praticidade e higiene. Resistente, empilh\u00e1vel e 100% recicl\u00e1vel, perfeito para caf\u00e9s, geladarias, pastelarias e eventos.<\/p>","protected":false},"featured_media":76524,"comment_status":"open","ping_status":"closed","template":"","meta":{"_acf_changed":false},"product_brand":[],"product_cat":[2007,2034,2010,2047,2008,2039,2249,1718,1515,1512,1892,1946,1499,1986,225,1397],"product_tag":[1589,1593,1569,1702,1608,1596,1597],"class_list":{"0":"post-76512","1":"product","2":"type-product","3":"status-publish","4":"has-post-thumbnail","6":"product_cat-copos-descartaveis","7":"product_cat-copos-pet-rpet","8":"product_cat-embalagens-descartaveis","9":"product_cat-embalagens-pp-ps-rpet","10":"product_cat-loucas-descartaveis","11":"product_cat-loucas-descartaveis-pet-rpet","12":"product_cat-take-away","13":"product_cat-transparente","14":"product_cat-21-30cl","15":"product_cat-descartavel","16":"product_cat-pet","17":"product_cat-copo","18":"product_cat-sobremesa","19":"product_cat-com-furo","20":"product_cat-copos","21":"product_cat-embalagens","22":"product_tag-sub-menu-copos-descartaveis","23":"product_tag-sub-menu-copos-descartaveis-pet","24":"product_tag-menu-descartaveis","25":"product_tag-destaque","26":"product_tag-sub-menu-emalagens-pp-ps-pet","27":"product_tag-sub-menu-loucas-descartaveis","28":"product_tag-sub-menu-loucas-descartaveis-pet","29":"pa_qtd-por-caixa-281","30":"pa_qtd-por-caixa-1288","31":"tm-no-options","33":"first","34":"instock","35":"taxable","36":"shipping-taxable","37":"purchasable","38":"product-type-variable"},"acf":[],"_links":{"self":[{"href":"https:\/\/copopalhinhas.maildx.net\/es\/wp-json\/wp\/v2\/product\/76512","targetHints":{"allow":["GET"]}}],"collection":[{"href":"https:\/\/copopalhinhas.maildx.net\/es\/wp-json\/wp\/v2\/product"}],"about":[{"href":"https:\/\/copopalhinhas.maildx.net\/es\/wp-json\/wp\/v2\/types\/product"}],"replies":[{"embeddable":true,"href":"https:\/\/copopalhinhas.maildx.net\/es\/wp-json\/wp\/v2\/comments?post=76512"}],"wp:featuredmedia":[{"embeddable":true,"href":"https:\/\/copopalhinhas.maildx.net\/es\/wp-json\/wp\/v2\/media\/76524"}],"wp:attachment":[{"href":"https:\/\/copopalhinhas.maildx.net\/es\/wp-json\/wp\/v2\/media?parent=76512"}],"wp:term":[{"taxonomy":"product_brand","embeddable":true,"href":"https:\/\/copopalhinhas.maildx.net\/es\/wp-json\/wp\/v2\/product_brand?post=76512"},{"taxonomy":"product_cat","embeddable":true,"href":"https:\/\/copopalhinhas.maildx.net\/es\/wp-json\/wp\/v2\/product_cat?post=76512"},{"taxonomy":"product_tag","embeddable":true,"href":"https:\/\/copopalhinhas.maildx.net\/es\/wp-json\/wp\/v2\/product_tag?post=76512"}],"curies":[{"name":"wp","href":"https:\/\/api.w.org\/{rel}","templated":true}]}}