{"id":76647,"date":"2025-09-22T11:16:08","date_gmt":"2025-09-22T10:16:08","guid":{"rendered":"https:\/\/copopalhinhas.maildx.net\/?post_type=product&#038;p=76647"},"modified":"2025-09-27T11:42:20","modified_gmt":"2025-09-27T10:42:20","slug":"tampa-rasa-com-furo-em-pet-o95mm-para-copo-9oz-12oz-16oz","status":"publish","type":"product","link":"https:\/\/copopalhinhas.maildx.net\/es\/producto\/tampa-rasa-com-furo-em-pet-o95mm-para-copo-9oz-12oz-16oz\/","title":{"rendered":"Tapa poco profunda con orificio en PET \u00d895mm para vaso de 8OZ\/10OZ\/12OZ\/14OZ\/16OZ"},"content":{"rendered":"<p>La tapa baja de PET de \u00d895 mm con orificio fue dise\u00f1ada para garantizar la practicidad y seguridad al consumir bebidas. Su material transparente mantiene una presentaci\u00f3n visible y atractiva, realzando el color y la textura de la bebida. Adem\u00e1s, su dise\u00f1o simple y funcional transmite profesionalidad, convirti\u00e9ndola en una excelente opci\u00f3n para establecimientos que buscan combinar est\u00e9tica y eficiencia.<\/p>\n<h4>Compatibilidad vers\u00e1til<\/h4>\n<p>Gracias a su di\u00e1metro de 95 mm, la tapa se adapta perfectamente a vasos de 250 ml, 350 ml y 473 ml. Esta compatibilidad ofrece mayor flexibilidad para establecimientos que utilizan diferentes tama\u00f1os de vasos pero desean estandarizar el uso de la tapa. Por lo tanto, representa una soluci\u00f3n pr\u00e1ctica para cafeter\u00edas, pasteler\u00edas, helader\u00edas, restaurantes y servicios de comida para llevar, adem\u00e1s de ser ideal para eventos de gran envergadura como ferias, festivales y servicios de catering.<\/p>\n<h4>Orificio central para mayor comodidad<\/h4>\n<p>El orificio central de la tapa permite el uso pr\u00e1ctico e higi\u00e9nico de pajitas. Esto permite a los clientes disfrutar de su bebida en cualquier lugar sin preocuparse por derrames. Esta caracter\u00edstica hace que la tapa sea especialmente \u00fatil para refrescos, jugos, smoothies, malteadas y caf\u00e9s helados, brindando una experiencia m\u00e1s c\u00f3moda y segura.<\/p>\n<h4>Resistencia y eficiencia de almacenamiento<\/h4>\n<p>Fabricada con PET de alta calidad, la tapa ofrece alta resistencia a impactos y deformaciones, garantizando la protecci\u00f3n de las bebidas durante el transporte. Adem\u00e1s, su dise\u00f1o apilable facilita la organizaci\u00f3n y reduce el espacio de almacenamiento, una ventaja significativa para establecimientos con un alto volumen de servicio diario.<\/p>\n<h4>Sostenibilidad y responsabilidad ambiental<\/h4>\n<p>Al igual que los vasos de PET, esta tapa es reciclable 100%. Esto ayuda a reducir los residuos y promueve pr\u00e1cticas m\u00e1s respetuosas con el medio ambiente en la industria alimentaria. De esta forma, las empresas pueden ofrecer a sus clientes envases pr\u00e1cticos, funcionales y sostenibles sin sacrificar la calidad.<\/p>\n<h4>Ver m\u00e1s <a href=\"https:\/\/copopalhinhas.maildx.net\/es\/categorias\/tampas\/\">Tapas<\/a>.<\/h4>\n<p><img decoding=\"async\" src=\"https:\/\/copopalhinhas.maildx.net\/wp-content\/uploads\/Icon_DESCARTAVEL.png\" alt=\"\" width=\"30\" height=\"30\" \/> <strong>Desechable<\/strong><\/p>\n<p><img decoding=\"async\" src=\"https:\/\/copopalhinhas.maildx.net\/wp-content\/uploads\/Icons_alimentos.png\" alt=\"\" width=\"30\" height=\"30\" \/> <strong>Alimento<\/strong>: Apto para consumo alimentario.<\/p>\n<p><img decoding=\"async\" src=\"https:\/\/copopalhinhas.maildx.net\/wp-content\/uploads\/Icon_reciclaveis.png\" alt=\"\" width=\"30\" height=\"30\" \/> <strong>Reciclables<\/strong>:Productos que pueden reciclarse o utilizarse para la recuperaci\u00f3n de energ\u00eda.<\/p>","protected":false},"excerpt":{"rendered":"<p>La tapa poco profunda de PET de \u00d895 mm con orificio es compatible con vasos de 250 ml, 350 ml y 473 ml, lo que ofrece seguridad y comodidad. El orificio central facilita el uso de pajitas, lo que hace que la experiencia sea m\u00e1s higi\u00e9nica y pr\u00e1ctica, especialmente para consumir en casa o para llevar.<\/p>\n<p>Fabricado con PET de alta calidad, es ligero, duradero y apilable, lo que garantiza su protecci\u00f3n durante el transporte. Adem\u00e1s, es reciclable 100%, combinando funcionalidad y responsabilidad ambiental.<\/p>\n<p>Una soluci\u00f3n vers\u00e1til para cafeter\u00edas, panader\u00edas, helader\u00edas y eventos que buscan calidad y sostenibilidad.<\/p>\n<p>Compatible con vasos PET de 8OZ\/10OZ\/12OZ\/14OZ y 16OZ<\/p>","protected":false},"featured_media":76687,"comment_status":"open","ping_status":"closed","template":"","meta":{"_acf_changed":false},"product_brand":[],"product_cat":[2236,2063,1718,1512,1892,1984],"product_tag":[1569,1620],"class_list":{"0":"post-76647","1":"product","2":"type-product","3":"status-publish","4":"has-post-thumbnail","6":"product_cat-pet-2","7":"product_cat-tampas","8":"product_cat-transparente","9":"product_cat-descartavel","10":"product_cat-pet","11":"product_cat-tampa-oval","12":"product_tag-menu-descartaveis","13":"product_tag-sub-menu-tampas","14":"pa_qtd-por-caixa-281","15":"pa_qtd-por-caixa-1288","16":"tm-no-options","18":"first","19":"instock","20":"taxable","21":"shipping-taxable","22":"purchasable","23":"product-type-variable"},"acf":[],"_links":{"self":[{"href":"https:\/\/copopalhinhas.maildx.net\/es\/wp-json\/wp\/v2\/product\/76647","targetHints":{"allow":["GET"]}}],"collection":[{"href":"https:\/\/copopalhinhas.maildx.net\/es\/wp-json\/wp\/v2\/product"}],"about":[{"href":"https:\/\/copopalhinhas.maildx.net\/es\/wp-json\/wp\/v2\/types\/product"}],"replies":[{"embeddable":true,"href":"https:\/\/copopalhinhas.maildx.net\/es\/wp-json\/wp\/v2\/comments?post=76647"}],"wp:featuredmedia":[{"embeddable":true,"href":"https:\/\/copopalhinhas.maildx.net\/es\/wp-json\/wp\/v2\/media\/76687"}],"wp:attachment":[{"href":"https:\/\/copopalhinhas.maildx.net\/es\/wp-json\/wp\/v2\/media?parent=76647"}],"wp:term":[{"taxonomy":"product_brand","embeddable":true,"href":"https:\/\/copopalhinhas.maildx.net\/es\/wp-json\/wp\/v2\/product_brand?post=76647"},{"taxonomy":"product_cat","embeddable":true,"href":"https:\/\/copopalhinhas.maildx.net\/es\/wp-json\/wp\/v2\/product_cat?post=76647"},{"taxonomy":"product_tag","embeddable":true,"href":"https:\/\/copopalhinhas.maildx.net\/es\/wp-json\/wp\/v2\/product_tag?post=76647"}],"curies":[{"name":"wp","href":"https:\/\/api.w.org\/{rel}","templated":true}]}}