{"id":78179,"date":"2025-10-20T09:15:02","date_gmt":"2025-10-20T08:15:02","guid":{"rendered":"https:\/\/copopalhinhas.maildx.net\/?post_type=product&#038;p=78179"},"modified":"2025-11-12T12:09:29","modified_gmt":"2025-11-12T12:09:29","slug":"cinzeiro-descartavel-aluminio","status":"publish","type":"product","link":"https:\/\/copopalhinhas.maildx.net\/es\/producto\/cinzeiro-descartavel-aluminio\/","title":{"rendered":"CINZEIRO DESCART\u00c1VEL EM ALUM\u00cdNIO 8,8X0,9CM"},"content":{"rendered":"<h3 data-start=\"1394\" data-end=\"1462\"><strong data-start=\"1398\" data-end=\"1462\">Cinzeiro Descart\u00e1vel em Alum\u00ednio \u2013 leve, pr\u00e1tico e ecol\u00f3gico<\/strong><\/h3>\n<div id=\"attachment_78183\" style=\"width: 310px\" class=\"wp-caption alignnone\"><a href=\"https:\/\/copopalhinhas.maildx.net\/wp-content\/uploads\/CINZEIRO-DESCARTAVEL-EM-ALUMINIO-88X90MM-HOS135.99.webp\"><img fetchpriority=\"high\" decoding=\"async\" aria-describedby=\"caption-attachment-78183\" class=\"size-medium wp-image-78183\" src=\"https:\/\/copopalhinhas.maildx.net\/wp-content\/uploads\/CINZEIRO-DESCARTAVEL-EM-ALUMINIO-88X90MM-HOS135.99-300x300.webp\" alt=\"Cinzeiro descart\u00e1vel em alum\u00ednio reutiliz\u00e1vel e ecol\u00f3gico da Copopalhinhas\" width=\"300\" height=\"300\" srcset=\"https:\/\/copopalhinhas.maildx.net\/wp-content\/uploads\/CINZEIRO-DESCARTAVEL-EM-ALUMINIO-88X90MM-HOS135.99-300x300.webp 300w, https:\/\/copopalhinhas.maildx.net\/wp-content\/uploads\/CINZEIRO-DESCARTAVEL-EM-ALUMINIO-88X90MM-HOS135.99-768x768.webp 768w, https:\/\/copopalhinhas.maildx.net\/wp-content\/uploads\/CINZEIRO-DESCARTAVEL-EM-ALUMINIO-88X90MM-HOS135.99-450x450.webp 450w, https:\/\/copopalhinhas.maildx.net\/wp-content\/uploads\/CINZEIRO-DESCARTAVEL-EM-ALUMINIO-88X90MM-HOS135.99-64x64.webp 64w, https:\/\/copopalhinhas.maildx.net\/wp-content\/uploads\/CINZEIRO-DESCARTAVEL-EM-ALUMINIO-88X90MM-HOS135.99-80x80.webp 80w, https:\/\/copopalhinhas.maildx.net\/wp-content\/uploads\/CINZEIRO-DESCARTAVEL-EM-ALUMINIO-88X90MM-HOS135.99.webp 1000w\" sizes=\"(max-width: 300px) 100vw, 300px\" \/><\/a><p id=\"caption-attachment-78183\" class=\"wp-caption-text\">Cinzeiro descart\u00e1vel em alum\u00ednio reutiliz\u00e1vel e ecol\u00f3gico da Copopalhinhas<\/p><\/div>\n<p data-start=\"1464\" data-end=\"1945\">EL <strong data-start=\"1466\" data-end=\"1502\">cinzeiro descart\u00e1vel em alum\u00ednio<\/strong> 8,8&#215;0,9cm \u00e9 uma solu\u00e7\u00e3o moderna, funcional e sustent\u00e1vel para quem procura manter os espa\u00e7os limpos e organizados. Desenvolvido especialmente para bares, caf\u00e9s, restaurantes, eventos ao ar livre e \u00e1reas de fumadores, este produto alia praticidade e responsabilidade ambiental. Fabricado em <strong data-start=\"1793\" data-end=\"1816\">alum\u00ednio recicl\u00e1vel<\/strong>, o cinzeiro \u00e9 leve, resistente e ideal para utiliza\u00e7\u00e3o tempor\u00e1ria, garantindo um ambiente cuidado e livre de res\u00edduos de tabaco.<\/p>\n<p data-start=\"1947\" data-end=\"2205\">O seu design compacto adapta-se facilmente a mesas, balc\u00f5es ou zonas espec\u00edficas para fumadores, sem comprometer a est\u00e9tica do espa\u00e7o. Al\u00e9m disso, o formato raso de 0,9 cm proporciona estabilidade, evitando derrames ou deslocamentos acidentais durante o uso.<\/p>\n<hr data-start=\"2207\" data-end=\"2210\" \/>\n<h3 data-start=\"2212\" data-end=\"2280\"><strong data-start=\"2216\" data-end=\"2280\">Cinzeiro recicl\u00e1vel em alum\u00ednio \u2013 resist\u00eancia e durabilidade<\/strong><\/h3>\n<p data-start=\"2282\" data-end=\"2874\">Entre os grandes diferenciais deste <strong data-start=\"2318\" data-end=\"2341\">cinzeiro recicl\u00e1vel<\/strong>, destaca-se o material de fabrico: <strong data-start=\"2377\" data-end=\"2429\">alum\u00ednio resistente \u00e0 corros\u00e3o e 100% recicl\u00e1vel<\/strong>. O acabamento met\u00e1lico confere um toque profissional e moderno, ideal para estabelecimentos que valorizam tanto a imagem quanto a funcionalidade.<br data-start=\"2575\" data-end=\"2578\" \/>O alum\u00ednio \u00e9 um material altamente dur\u00e1vel, suportando o contacto com altas temperaturas, \u00f3leos e gordura, o que torna este cinzeiro seguro e confi\u00e1vel mesmo em uso intensivo.<br data-start=\"2753\" data-end=\"2756\" \/>Con el <strong data-start=\"2762\" data-end=\"2798\">cinzeiro descart\u00e1vel em alum\u00ednio<\/strong>, \u00e9 poss\u00edvel garantir higiene, seguran\u00e7a e praticidade em qualquer contexto.<\/p>\n<hr data-start=\"2876\" data-end=\"2879\" \/>\n<h3 data-start=\"2881\" data-end=\"2946\"><strong data-start=\"2885\" data-end=\"2946\">Cinzeiro ecol\u00f3gico \u2013 uma escolha sustent\u00e1vel e consciente<\/strong><\/h3>\n<p data-start=\"2948\" data-end=\"3511\">EL <strong data-start=\"2950\" data-end=\"2989\">cinzeiro ecol\u00f3gico da Copopalhinhas<\/strong> \u00e9 produzido com foco na sustentabilidade. Apesar de ser um produto de uso \u00fanico, o alum\u00ednio \u00e9 <strong data-start=\"3084\" data-end=\"3103\">100% recicl\u00e1vel<\/strong>, reduzindo o impacto ambiental e promovendo a economia circular.<br data-start=\"3168\" data-end=\"3171\" \/>A Copopalhinhas aposta em solu\u00e7\u00f5es que unem funcionalidade e eco-responsabilidade, ajudando empresas e organizadores de eventos a adotarem pr\u00e1ticas mais sustent\u00e1veis no seu dia a dia.<br data-start=\"3354\" data-end=\"3357\" \/>Ao escolher o <strong data-start=\"3371\" data-end=\"3407\">cinzeiro descart\u00e1vel em alum\u00ednio<\/strong>, est\u00e1 tamb\u00e9m a contribuir para a redu\u00e7\u00e3o do uso de pl\u00e1stico e para a preserva\u00e7\u00e3o dos recursos naturais.<\/p>\n<hr data-start=\"3513\" data-end=\"3516\" \/>\n<h3 data-start=\"3518\" data-end=\"3591\"><strong data-start=\"3522\" data-end=\"3591\">Cinzeiro para eventos \u2013 efici\u00eancia e conveni\u00eancia em larga escala<\/strong><\/h3>\n<p data-start=\"3593\" data-end=\"4101\">Perfeito para eventos, festivais, festas e esplanadas, o <strong data-start=\"3650\" data-end=\"3675\">cinzeiro para eventos<\/strong> foi desenhado para simplificar a gest\u00e3o de res\u00edduos. O modelo permite um uso r\u00e1pido e higi\u00e9nico \u2014 basta utiliz\u00e1-lo e descart\u00e1-lo corretamente.<br data-start=\"3818\" data-end=\"3821\" \/>Cada embalagem cont\u00e9m <strong data-start=\"3843\" data-end=\"3867\">100 ou 3000 unidades<\/strong>, permitindo uma gest\u00e3o eficaz conforme as necessidades de cada espa\u00e7o.<br data-start=\"3938\" data-end=\"3941\" \/>Gra\u00e7as ao seu baixo custo por utiliza\u00e7\u00e3o e \u00e0 facilidade de reposi\u00e7\u00e3o, \u00e9 uma excelente op\u00e7\u00e3o para quem busca <strong data-start=\"4049\" data-end=\"4079\">cinzeiros leves e pr\u00e1ticos<\/strong> em grande quantidade.<\/p>\n<hr data-start=\"4103\" data-end=\"4106\" \/>\n<h3 data-start=\"4108\" data-end=\"4183\"><strong data-start=\"4112\" data-end=\"4183\">Cinzeiro leve e pr\u00e1tico \u2013 ideal para restaura\u00e7\u00e3o e espa\u00e7os p\u00fablicos<\/strong><\/h3>\n<p data-start=\"4185\" data-end=\"4687\">Com apenas 0,9 cm de altura e 8,8 cm de di\u00e2metro, o <strong data-start=\"4237\" data-end=\"4264\">cinzeiro leve e pr\u00e1tico<\/strong> garante comodidade sem ocupar espa\u00e7o excessivo.<br data-start=\"4312\" data-end=\"4315\" \/>O formato discreto e o peso reduzido tornam-no ideal para estabelecimentos que precisam otimizar espa\u00e7o, mantendo sempre uma apresenta\u00e7\u00e3o cuidada.<br data-start=\"4461\" data-end=\"4464\" \/>Al\u00e9m disso, a sua estrutura evita acumula\u00e7\u00e3o de res\u00edduos, permitindo uma limpeza r\u00e1pida e eficiente.<br data-start=\"4564\" data-end=\"4567\" \/>\u00c9 a escolha ideal para quem procura produtos sustent\u00e1veis que combinam est\u00e9tica, funcionalidade e consci\u00eancia ambiental.<\/p>\n<hr data-start=\"4689\" data-end=\"4692\" \/>\n<p data-start=\"4694\" data-end=\"4716\"><strong data-start=\"4694\" data-end=\"4716\">Refer\u00eancias e EAN:<\/strong><\/p>\n<ul data-start=\"4717\" data-end=\"4838\">\n<li data-start=\"4717\" data-end=\"4776\">\n<p data-start=\"4719\" data-end=\"4776\">100 Unidades \u2014 Ref: HOS135.99CX100 | EAN: 2080000032452<\/p>\n<\/li>\n<li data-start=\"4777\" data-end=\"4838\">\n<p data-start=\"4779\" data-end=\"4838\">3000 Unidades \u2014 Ref: HOS135.99CX3000 | EAN: 2080000032445<\/p>\n<\/li>\n<\/ul>\n<p data-start=\"4840\" data-end=\"4944\"><strong data-start=\"4840\" data-end=\"4854\">Categoria:<\/strong> <a class=\"decorated-link\" href=\"https:\/\/copopalhinhas.maildx.net\/es\/categorias\/modelo\/cinzeiro\/\" target=\"_new\" rel=\"noopener\" data-start=\"4855\" data-end=\"4944\">Cinzeiros Copopalhinhas<\/a><\/p>","protected":false},"excerpt":{"rendered":"<p>Cinzeiro descart\u00e1vel em alum\u00ednio 8,8&#215;0,9cm \u2014 leve, resistente e 100% recicl\u00e1vel. Ideal para bares, caf\u00e9s, restaura\u00e7\u00e3o e eventos ao ar livre. Dispon\u00edvel em embalagens de 100 ou 3000 unidades.<br data-start=\"286\" data-end=\"289\" \/>Formato raso e est\u00e1vel na cor cinzenta. Fabricado em alum\u00ednio resistente \u00e0 corros\u00e3o e altas temperaturas. Uso \u00fanico para m\u00e1xima higiene e rapidez na reposi\u00e7\u00e3o.<br data-start=\"448\" data-end=\"451\" \/>Material: alum\u00ednio | Dimens\u00f5es: 8,8 \u00d7 0,9 cm.<\/p>","protected":false},"featured_media":78183,"comment_status":"open","ping_status":"closed","template":"","meta":{"_acf_changed":false},"product_brand":[],"product_cat":[2014,2071,1770,1512,1487,1805,234],"product_tag":[1571,2291,1700,2290,1569,2292,2293,2294,1626],"class_list":{"0":"post-78179","1":"product","2":"type-product","3":"status-publish","4":"has-post-thumbnail","6":"product_cat-utensilios-de-bar","7":"product_cat-utensilios-para-balcao","8":"product_cat-cinzento","9":"product_cat-descartavel","10":"product_cat-aluminio","11":"product_cat-cinzeiro","12":"product_cat-acessorios","13":"product_tag-menu-acessorios","14":"product_tag-aluminio-reciclavel","15":"product_tag-sub-menu-utensilios-balcao","16":"product_tag-cinzeiro","17":"product_tag-menu-descartaveis","18":"product_tag-descartavel","19":"product_tag-ecologico","20":"product_tag-eventos-sustentaveis","21":"product_tag-sub-menu-utensilios-de-bar","22":"pa_qtd-por-caixa-281","23":"pa_qtd-por-caixa-1284","24":"tm-no-options","26":"first","27":"instock","28":"taxable","29":"shipping-taxable","30":"purchasable","31":"product-type-variable"},"acf":[],"_links":{"self":[{"href":"https:\/\/copopalhinhas.maildx.net\/es\/wp-json\/wp\/v2\/product\/78179","targetHints":{"allow":["GET"]}}],"collection":[{"href":"https:\/\/copopalhinhas.maildx.net\/es\/wp-json\/wp\/v2\/product"}],"about":[{"href":"https:\/\/copopalhinhas.maildx.net\/es\/wp-json\/wp\/v2\/types\/product"}],"replies":[{"embeddable":true,"href":"https:\/\/copopalhinhas.maildx.net\/es\/wp-json\/wp\/v2\/comments?post=78179"}],"wp:featuredmedia":[{"embeddable":true,"href":"https:\/\/copopalhinhas.maildx.net\/es\/wp-json\/wp\/v2\/media\/78183"}],"wp:attachment":[{"href":"https:\/\/copopalhinhas.maildx.net\/es\/wp-json\/wp\/v2\/media?parent=78179"}],"wp:term":[{"taxonomy":"product_brand","embeddable":true,"href":"https:\/\/copopalhinhas.maildx.net\/es\/wp-json\/wp\/v2\/product_brand?post=78179"},{"taxonomy":"product_cat","embeddable":true,"href":"https:\/\/copopalhinhas.maildx.net\/es\/wp-json\/wp\/v2\/product_cat?post=78179"},{"taxonomy":"product_tag","embeddable":true,"href":"https:\/\/copopalhinhas.maildx.net\/es\/wp-json\/wp\/v2\/product_tag?post=78179"}],"curies":[{"name":"wp","href":"https:\/\/api.w.org\/{rel}","templated":true}]}}